{"id":1996870,"date":"2020-01-30T13:49:16","date_gmt":"2020-01-30T12:49:16","guid":{"rendered":"https:\/\/de.tilta.com\/shop\/armorman-3-0-waterproof-safety-case-mallette-de-securite-etanche\/"},"modified":"2025-12-05T13:11:29","modified_gmt":"2025-12-05T12:11:29","slug":"armorman-3-0-waterproof-safety-case","status":"publish","type":"product","link":"https:\/\/eu.tilta.com\/fr\/shop\/armorman-3-0-waterproof-safety-case\/","title":{"rendered":"Armorman 3.0 Waterproof Safety Case (mallette de s\u00e9curit\u00e9 \u00e9tanche)"},"content":{"rendered":"<p>Prot\u00e9gez et rangez votre Armor Man 3.0 gr\u00e2ce \u00e0 cette valise de voyage \u00e9tanche et roulante. Des d\u00e9coupes en mousse sur mesure permettent de ranger votre gilet et deux bras stabilis\u00e9s absorbant les chocs dans l&#8217;\u00e9tui pour une protection et une portabilit\u00e9 maximales.<\/p>\n","protected":false},"excerpt":{"rendered":"<p>Prot\u00e9gez et rangez votre Armor Man 3.0 gr\u00e2ce \u00e0 cette valise de voyage \u00e9tanche et roulante. Des d\u00e9coupes en mousse sur mesure permettent de ranger votre gilet et deux bras stabilis\u00e9s absorbant les chocs dans l&#8217;\u00e9tui pour une protection et [&hellip;]<\/p>\n","protected":false},"featured_media":1996873,"comment_status":"closed","ping_status":"closed","template":"","meta":[],"product_cat":[2352],"product_tag":[],"acf":[],"gallery_images":[],"_links":{"self":[{"href":"https:\/\/eu.tilta.com\/fr\/wp-json\/wp\/v2\/product\/1996870"}],"collection":[{"href":"https:\/\/eu.tilta.com\/fr\/wp-json\/wp\/v2\/product"}],"about":[{"href":"https:\/\/eu.tilta.com\/fr\/wp-json\/wp\/v2\/types\/product"}],"replies":[{"embeddable":true,"href":"https:\/\/eu.tilta.com\/fr\/wp-json\/wp\/v2\/comments?post=1996870"}],"wp:featuredmedia":[{"embeddable":true,"href":"https:\/\/eu.tilta.com\/fr\/wp-json\/wp\/v2\/media\/1996873"}],"wp:attachment":[{"href":"https:\/\/eu.tilta.com\/fr\/wp-json\/wp\/v2\/media?parent=1996870"}],"wp:term":[{"taxonomy":"product_cat","embeddable":true,"href":"https:\/\/eu.tilta.com\/fr\/wp-json\/wp\/v2\/product_cat?post=1996870"},{"taxonomy":"product_tag","embeddable":true,"href":"https:\/\/eu.tilta.com\/fr\/wp-json\/wp\/v2\/product_tag?post=1996870"}],"curies":[{"name":"wp","href":"https:\/\/api.w.org\/{rel}","templated":true}]}}