{"id":1996926,"date":"2020-01-16T09:41:38","date_gmt":"2020-01-16T08:41:38","guid":{"rendered":"https:\/\/de.tilta.com\/shop\/sony-np-fw50-a6-a7-dummy-battery-to-3-5-1-35mm-dc-male-cable-cable-male-dc-3-5-1-35mm\/"},"modified":"2025-12-05T13:11:36","modified_gmt":"2025-12-05T12:11:36","slug":"sony-np-fw50-dummy-battery-to-3-5-1-35mm-dc-male-cable","status":"publish","type":"product","link":"https:\/\/eu.tilta.com\/fr\/shop\/sony-np-fw50-dummy-battery-to-3-5-1-35mm-dc-male-cable\/","title":{"rendered":"Sony NP-FW50 (A6\/A7) Dummy Battery to 3.5\/1.35mm DC Male Cable (c\u00e2ble m\u00e2le DC 3.5\/1.35mm)"},"content":{"rendered":"<p>Ce c\u00e2ble de batterie factice Sony NP-FW50 vers 3,5\/1,35 mm DC m\u00e2le vous permet d&#8217;alimenter les appareils photo et accessoires \u00e9quip\u00e9s de NP-FW50 via un port d&#8217;alimentation 3,5\/1,35 mm DC.<\/p>\n<p>C&#8217;est la solution parfaite pour alimenter des moniteurs externes ou des syst\u00e8mes de cam\u00e9ra tels que les DSLR Sony a7 via nos <a href=\"https:\/\/de.tilta.com\/product-category\/handles\/side-handles\/\">poign\u00e9es d&#8217;alimentation et de mise au point lat\u00e9rales inclinables<\/a>.<\/p>\n<p>Ce c\u00e2ble r\u00e9gule la tension pour fournir la m\u00eame tension qu&#8217;une batterie NP-FW50 normale.<\/p>\n","protected":false},"excerpt":{"rendered":"<p>Ce c\u00e2ble de batterie factice Sony NP-FW50 vers 3,5\/1,35 mm DC m\u00e2le vous permet d&#8217;alimenter les appareils photo et accessoires \u00e9quip\u00e9s de NP-FW50 via un port d&#8217;alimentation 3,5\/1,35 mm DC. C&#8217;est la solution parfaite pour alimenter des moniteurs externes ou [&hellip;]<\/p>\n","protected":false},"featured_media":0,"comment_status":"closed","ping_status":"closed","template":"","meta":[],"product_cat":[2279],"product_tag":[],"acf":[],"gallery_images":[95442],"_links":{"self":[{"href":"https:\/\/eu.tilta.com\/fr\/wp-json\/wp\/v2\/product\/1996926"}],"collection":[{"href":"https:\/\/eu.tilta.com\/fr\/wp-json\/wp\/v2\/product"}],"about":[{"href":"https:\/\/eu.tilta.com\/fr\/wp-json\/wp\/v2\/types\/product"}],"replies":[{"embeddable":true,"href":"https:\/\/eu.tilta.com\/fr\/wp-json\/wp\/v2\/comments?post=1996926"}],"wp:attachment":[{"href":"https:\/\/eu.tilta.com\/fr\/wp-json\/wp\/v2\/media?parent=1996926"}],"wp:term":[{"taxonomy":"product_cat","embeddable":true,"href":"https:\/\/eu.tilta.com\/fr\/wp-json\/wp\/v2\/product_cat?post=1996926"},{"taxonomy":"product_tag","embeddable":true,"href":"https:\/\/eu.tilta.com\/fr\/wp-json\/wp\/v2\/product_tag?post=1996926"}],"curies":[{"name":"wp","href":"https:\/\/api.w.org\/{rel}","templated":true}]}}