{"id":1996938,"date":"2020-01-06T11:28:59","date_gmt":"2020-01-06T10:28:59","guid":{"rendered":"https:\/\/de.tilta.com\/shop\/tilta-15mm-side-single-rod-holder-type-ii-noir\/"},"modified":"2025-12-05T13:11:38","modified_gmt":"2025-12-05T12:11:38","slug":"tiltaing-15mm-side-single-rod-holder-type-ii-black","status":"publish","type":"product","link":"https:\/\/eu.tilta.com\/fr\/shop\/tiltaing-15mm-side-single-rod-holder-type-ii-black\/","title":{"rendered":"Tilta 15mm Side Single Rod Holder Type II &#8211; Noir"},"content":{"rendered":"<p>Ce support de tige simple de 15 mm peut \u00eatre fix\u00e9 sur le c\u00f4t\u00e9 des demi-cages et des cages d&#8217;appareil photo Tiltaing pour vous permettre de placer une tige de 15 mm sur le c\u00f4t\u00e9 de l&#8217;appareil photo afin d&#8217;y fixer des accessoires.<\/p>\n<p>** Inclus avec la Mini Matte Box et le Mini Follow Focus de Tiltaing<\/p>\n","protected":false},"excerpt":{"rendered":"<p>Ce support de tige simple de 15 mm peut \u00eatre fix\u00e9 sur le c\u00f4t\u00e9 des demi-cages et des cages d&#8217;appareil photo Tiltaing pour vous permettre de placer une tige de 15 mm sur le c\u00f4t\u00e9 de l&#8217;appareil photo afin d&#8217;y [&hellip;]<\/p>\n","protected":false},"featured_media":0,"comment_status":"closed","ping_status":"closed","template":"","meta":[],"product_cat":[2092],"product_tag":[],"acf":[],"gallery_images":[484176],"_links":{"self":[{"href":"https:\/\/eu.tilta.com\/fr\/wp-json\/wp\/v2\/product\/1996938"}],"collection":[{"href":"https:\/\/eu.tilta.com\/fr\/wp-json\/wp\/v2\/product"}],"about":[{"href":"https:\/\/eu.tilta.com\/fr\/wp-json\/wp\/v2\/types\/product"}],"replies":[{"embeddable":true,"href":"https:\/\/eu.tilta.com\/fr\/wp-json\/wp\/v2\/comments?post=1996938"}],"wp:attachment":[{"href":"https:\/\/eu.tilta.com\/fr\/wp-json\/wp\/v2\/media?parent=1996938"}],"wp:term":[{"taxonomy":"product_cat","embeddable":true,"href":"https:\/\/eu.tilta.com\/fr\/wp-json\/wp\/v2\/product_cat?post=1996938"},{"taxonomy":"product_tag","embeddable":true,"href":"https:\/\/eu.tilta.com\/fr\/wp-json\/wp\/v2\/product_tag?post=1996938"}],"curies":[{"name":"wp","href":"https:\/\/api.w.org\/{rel}","templated":true}]}}