{"id":1996944,"date":"2020-01-16T09:53:17","date_gmt":"2020-01-16T08:53:17","guid":{"rendered":"https:\/\/de.tilta.com\/shop\/pile-factice-lp-e6-vers-35-135-mm-dc-male\/"},"modified":"2026-02-16T09:00:38","modified_gmt":"2026-02-16T08:00:38","slug":"lp-e6-to-3-5-1-35mm-dc-male-dummy-battery","status":"publish","type":"product","link":"https:\/\/eu.tilta.com\/fr\/shop\/lp-e6-to-3-5-1-35mm-dc-male-dummy-battery\/","title":{"rendered":"Pile factice LP-E6 vers 3,5\/1,35 mm DC m\u00e2le"},"content":{"rendered":"<p>Ce c\u00e2ble entre la batterie factice Canon LP-E6 et le c\u00e2ble DC m\u00e2le 3,5\/1,35 mm vous permet d&#8217;alimenter les appareils photo et accessoires Canon LP-E6 via un port d&#8217;alimentation DC 3,5\/1,35 mm.<\/p>\n<p>C&#8217;est la solution parfaite pour alimenter des moniteurs externes ou des syst\u00e8mes de cam\u00e9ra tels que le BMPCC4\/6K via nos <a href=\"https:\/\/de.tilta.com\/product-category\/handles\/side-handles\/\">poign\u00e9es d&#8217;alimentation et de mise au point lat\u00e9rales Tiltaing<\/a>.<\/p>\n<p>Ce c\u00e2ble r\u00e9gule la tension pour fournir la m\u00eame tension qu&#8217;une batterie LP-E6 normale.<\/p>\n","protected":false},"excerpt":{"rendered":"<p>Ce c\u00e2ble entre la batterie factice Canon LP-E6 et le c\u00e2ble DC m\u00e2le 3,5\/1,35 mm vous permet d&#8217;alimenter les appareils photo et accessoires Canon LP-E6 via un port d&#8217;alimentation DC 3,5\/1,35 mm. C&#8217;est la solution parfaite pour alimenter des moniteurs [&hellip;]<\/p>\n","protected":false},"featured_media":0,"comment_status":"closed","ping_status":"closed","template":"","meta":[],"product_cat":[4448,2279,2418],"product_tag":[],"acf":[],"gallery_images":[95449],"_links":{"self":[{"href":"https:\/\/eu.tilta.com\/fr\/wp-json\/wp\/v2\/product\/1996944"}],"collection":[{"href":"https:\/\/eu.tilta.com\/fr\/wp-json\/wp\/v2\/product"}],"about":[{"href":"https:\/\/eu.tilta.com\/fr\/wp-json\/wp\/v2\/types\/product"}],"replies":[{"embeddable":true,"href":"https:\/\/eu.tilta.com\/fr\/wp-json\/wp\/v2\/comments?post=1996944"}],"wp:attachment":[{"href":"https:\/\/eu.tilta.com\/fr\/wp-json\/wp\/v2\/media?parent=1996944"}],"wp:term":[{"taxonomy":"product_cat","embeddable":true,"href":"https:\/\/eu.tilta.com\/fr\/wp-json\/wp\/v2\/product_cat?post=1996944"},{"taxonomy":"product_tag","embeddable":true,"href":"https:\/\/eu.tilta.com\/fr\/wp-json\/wp\/v2\/product_tag?post=1996944"}],"curies":[{"name":"wp","href":"https:\/\/api.w.org\/{rel}","templated":true}]}}