{"id":1996955,"date":"2020-01-18T04:06:59","date_gmt":"2020-01-18T03:06:59","guid":{"rendered":"https:\/\/de.tilta.com\/shop\/cage-de-camera-pour-alexa-mini-lf-mini\/"},"modified":"2025-12-05T13:11:59","modified_gmt":"2025-12-05T12:11:59","slug":"camera-cage-for-alexa-mini-lf-mini","status":"publish","type":"product","link":"https:\/\/eu.tilta.com\/fr\/shop\/camera-cage-for-alexa-mini-lf-mini\/","title":{"rendered":"Cage de cam\u00e9ra pour Alexa Mini LF\/ Mini"},"content":{"rendered":"<p>Armez votre cam\u00e9ra avec cette cage de cam\u00e9ra Tilta sp\u00e9cialement con\u00e7ue pour l&#8217;Arri Alexa Mini LF et l&#8217;Alexa Mini.<\/p>\n<p>Il s&#8217;agit d&#8217;une armure de protection en aluminium de haute qualit\u00e9, usin\u00e9e CNC, pour votre appareil photo, qui comporte plusieurs points de montage \u00bc&#8221;-20 et \u215c&#8221;-16 pour la fixation d&#8217;accessoires.<\/p>\n<p>La plaque de batterie standard Tilta pour Arri Alexa Mini LF\/Mini Cage, disponible en version Gold Mount ou V-Mount, s&#8217;int\u00e8gre au corps de la cam\u00e9ra pour fournir plusieurs entr\u00e9es et sorties d&#8217;alimentation et vid\u00e9o.<\/p>\n<p>Les goupilles situ\u00e9es sur le rail sup\u00e9rieur OTAN de la plaque communiquent directement avec la plaque sup\u00e9rieure et la poign\u00e9e sup\u00e9rieure lorsqu&#8217;elles sont fix\u00e9es, ce qui leur transf\u00e8re la fonctionnalit\u00e9 de la puissance de sortie.<\/p>\n<p>Le module de connexion \u00e9lectrique de la plaque sup\u00e9rieure offre une distribution \u00e9lectrique \u00e0 partir de la plaque sup\u00e9rieure, tandis que le module de connexion \u00e9lectrique de la poign\u00e9e sup\u00e9rieure offre une distribution \u00e9lectrique \u00e0 partir de la poign\u00e9e sup\u00e9rieure.<\/p>\n<p>Ils vous permettent d&#8217;alimenter vos accessoires depuis pratiquement n&#8217;importe quel endroit de la cage.<\/p>\n<p>La plaque de batterie est fix\u00e9e \u00e0 un pont coulissant qui vous permet de l&#8217;\u00e9loigner de l&#8217;arri\u00e8re du bo\u00eetier de l&#8217;appareil photo pour acc\u00e9der aux diff\u00e9rents boutons et ports, puis de la faire glisser jusqu&#8217;au bo\u00eetier de l&#8217;appareil photo pour obtenir une configuration compacte lors de l&#8217;utilisation.<\/p>\n<p>Un support EVF peut \u00eatre mont\u00e9 sur la plaque sup\u00e9rieure qui permet une rotation de 360 degr\u00e9s afin que vous puissiez personnaliser la fa\u00e7on dont vous voulez voir votre Alexa Mini LF\/Mini EVF lorsque vous travaillez.<\/p>\n<p>Des extensions de la poign\u00e9e sup\u00e9rieure sont incluses pour vous permettre d&#8217;\u00e9tendre la longueur de la poign\u00e9e sup\u00e9rieure sur l&#8217;arri\u00e8re de l&#8217;installation pour une utilisation plus confortable dans diff\u00e9rentes positions.<\/p>\n<p>Les bras lat\u00e9raux gauche et droit aident \u00e0 stabiliser compl\u00e8tement la cage et fournissent une protection ainsi qu&#8217;une vari\u00e9t\u00e9 de points de montage sur tous les c\u00f4t\u00e9s de la cage.<\/p>\n<p>Ces bras lat\u00e9raux comprennent des connexions Arri Standard Rosette qui vous permettent de connecter facilement des poign\u00e9es pour une configuration compacte.<\/p>\n<p>Sur le fond de la cage se trouve une plaque de base LWS de 15 mm qui vous permet d&#8217;attacher divers accessoires via des tiges de 15 mm.<\/p>\n<p>La plaque peut \u00eatre mont\u00e9e sur une <a href=\"https:\/\/de.tilta.com\/shop\/10-lightweight-dovetail-plate-tt-c16\/\">queue d&#8217;aronde standard Tilta<\/a> pour vous permettre de glisser facilement sur et hors d&#8217;une installation d&#8217;exploitation.<\/p>\n<p>La <a href=\"https:\/\/de.tilta.com\/shop\/19mm-tilta-studio-multi-functional-baseplate-tt-c06-d\/\">plaque de base multifonctionnelle<\/a> optionnelle <a href=\"https:\/\/de.tilta.com\/shop\/19mm-tilta-studio-multi-functional-baseplate-tt-c06-d\/\">Tilta Standard vers Arri Standard<\/a> peut \u00eatre achet\u00e9e pour adapter cette cage \u00e0 une queue d&#8217;aronde Arri Standard si n\u00e9cessaire.<\/p>\n","protected":false},"excerpt":{"rendered":"<p>Armez votre cam\u00e9ra avec cette cage de cam\u00e9ra Tilta sp\u00e9cialement con\u00e7ue pour l&#8217;Arri Alexa Mini LF et l&#8217;Alexa Mini. Il s&#8217;agit d&#8217;une armure de protection en aluminium de haute qualit\u00e9, usin\u00e9e CNC, pour votre appareil photo, qui comporte plusieurs points [&hellip;]<\/p>\n","protected":false},"featured_media":0,"comment_status":"closed","ping_status":"closed","template":"","meta":[],"product_cat":[1620],"product_tag":[],"acf":[],"gallery_images":[95458,95459],"_links":{"self":[{"href":"https:\/\/eu.tilta.com\/fr\/wp-json\/wp\/v2\/product\/1996955"}],"collection":[{"href":"https:\/\/eu.tilta.com\/fr\/wp-json\/wp\/v2\/product"}],"about":[{"href":"https:\/\/eu.tilta.com\/fr\/wp-json\/wp\/v2\/types\/product"}],"replies":[{"embeddable":true,"href":"https:\/\/eu.tilta.com\/fr\/wp-json\/wp\/v2\/comments?post=1996955"}],"wp:attachment":[{"href":"https:\/\/eu.tilta.com\/fr\/wp-json\/wp\/v2\/media?parent=1996955"}],"wp:term":[{"taxonomy":"product_cat","embeddable":true,"href":"https:\/\/eu.tilta.com\/fr\/wp-json\/wp\/v2\/product_cat?post=1996955"},{"taxonomy":"product_tag","embeddable":true,"href":"https:\/\/eu.tilta.com\/fr\/wp-json\/wp\/v2\/product_tag?post=1996955"}],"curies":[{"name":"wp","href":"https:\/\/api.w.org\/{rel}","templated":true}]}}