{"id":1997000,"date":"2020-01-03T13:32:15","date_gmt":"2020-01-03T12:32:15","guid":{"rendered":"https:\/\/de.tilta.com\/shop\/drapeau-superieur-en-fibre-de-carbone-pour-mini-clamp-on-matte-box\/"},"modified":"2026-05-13T09:10:50","modified_gmt":"2026-05-13T07:10:50","slug":"carbon-fiber-top-flag-for-mini-clamp-on-matte-box","status":"publish","type":"product","link":"https:\/\/eu.tilta.com\/fr\/shop\/carbon-fiber-top-flag-for-mini-clamp-on-matte-box\/","title":{"rendered":"Drapeau sup\u00e9rieur en fibre de carbone pour Mini Clamp-on Matte Box"},"content":{"rendered":"<p>Ce drapeau sup\u00e9rieur en fibre de carbone se fixe directement sur la bo\u00eete \u00e0 mats Tiltaing Mini Clamp-on pour fournir une couverture contre les \u00e9clats de lumi\u00e8re. Il suffit de le glisser sur le dessus de la bo\u00eete mate, de l&#8217;ajuster \u00e0 l&#8217;angle d\u00e9sir\u00e9, puis de tourner le bouton de serrage pour le verrouiller.<\/p>\n","protected":false},"excerpt":{"rendered":"<p>Ce drapeau sup\u00e9rieur en fibre de carbone se fixe directement sur la bo\u00eete \u00e0 mats Tiltaing Mini Clamp-on pour fournir une couverture contre les \u00e9clats de lumi\u00e8re. Il suffit de le glisser sur le dessus de la bo\u00eete mate, de [&hellip;]<\/p>\n","protected":false},"featured_media":1997002,"comment_status":"closed","ping_status":"closed","template":"","meta":[],"product_cat":[2126],"product_tag":[],"acf":[],"gallery_images":[94107],"_links":{"self":[{"href":"https:\/\/eu.tilta.com\/fr\/wp-json\/wp\/v2\/product\/1997000"}],"collection":[{"href":"https:\/\/eu.tilta.com\/fr\/wp-json\/wp\/v2\/product"}],"about":[{"href":"https:\/\/eu.tilta.com\/fr\/wp-json\/wp\/v2\/types\/product"}],"replies":[{"embeddable":true,"href":"https:\/\/eu.tilta.com\/fr\/wp-json\/wp\/v2\/comments?post=1997000"}],"wp:featuredmedia":[{"embeddable":true,"href":"https:\/\/eu.tilta.com\/fr\/wp-json\/wp\/v2\/media\/1997002"}],"wp:attachment":[{"href":"https:\/\/eu.tilta.com\/fr\/wp-json\/wp\/v2\/media?parent=1997000"}],"wp:term":[{"taxonomy":"product_cat","embeddable":true,"href":"https:\/\/eu.tilta.com\/fr\/wp-json\/wp\/v2\/product_cat?post=1997000"},{"taxonomy":"product_tag","embeddable":true,"href":"https:\/\/eu.tilta.com\/fr\/wp-json\/wp\/v2\/product_tag?post=1997000"}],"curies":[{"name":"wp","href":"https:\/\/api.w.org\/{rel}","templated":true}]}}