{"id":1997046,"date":"2019-12-26T16:52:19","date_gmt":"2019-12-26T15:52:19","guid":{"rendered":"https:\/\/de.tilta.com\/shop\/systeme-de-support-de-cardan-armorman-3-0\/"},"modified":"2025-12-05T13:12:06","modified_gmt":"2025-12-05T12:12:06","slug":"armor-man-3-0-gimbal-support-system","status":"publish","type":"product","link":"https:\/\/eu.tilta.com\/fr\/shop\/armor-man-3-0-gimbal-support-system\/","title":{"rendered":"Syst\u00e8me de support de cardan Armorman 3.0"},"content":{"rendered":"<p>L&#8217;Armorman 3.0 a \u00e9t\u00e9 con\u00e7u pour offrir confort et soutien lors de l&#8217;utilisation de votre cardan en transf\u00e9rant le poids du cardan vers le centre de votre corps, ce qui soulage consid\u00e9rablement vos bras.<\/p>\n<p>Cela vous permet d&#8217;utiliser votre cardan confortablement, pendant une p\u00e9riode beaucoup plus longue, sans sacrifier la flexibilit\u00e9 ou les performances.<\/p>\n<p>Deux bras m\u00e9caniques dot\u00e9s de syst\u00e8mes stabilis\u00e9s d&#8217;absorption des chocs se fixent \u00e0 l&#8217;arri\u00e8re de la veste r\u00e9glable ou sur le dessus de la veste en mode haut.<\/p>\n<p>Lorsqu&#8217;ils sont engag\u00e9s, les bras sont dot\u00e9s de deux boutons de tension r\u00e9glables sur chaque bras pour vous permettre d&#8217;ajuster la tension en fonction du poids de votre cardan et de votre style d&#8217;utilisation pr\u00e9f\u00e9r\u00e9.<\/p>\n<p>Les bras se fixent \u00e0 n&#8217;importe quel syst\u00e8me de cardan \u00e0 barre sup\u00e9rieure ou \u00e0 anneau de cardan \u00e0 l&#8217;aide des supports ou des coupelles de soutien fournis, que vous fixez en glissant l&#8217;attache directement dans les bras.<\/p>\n<p>Associ\u00e9 aux adaptateurs universels pour anneau de cardan et au Nucleus M, l&#8217;Armorman 3.0 peut devenir un syst\u00e8me \u00e0 op\u00e9rateur unique.<\/p>\n<p>Lorsque vous avez fini de travailler, il vous suffit de d\u00e9sengager les bras en tirant sur les cordons de d\u00e9verrouillage de chaque bras (en mode normal), puis de les reposer confortablement sur les c\u00f4t\u00e9s de la veste \u00e0 l&#8217;aide du r\u00e9cepteur de bras qui y est attach\u00e9.<\/p>\n<p>Cela vous permet de garder la veste en place entre les prises de vue et, lorsque vous \u00eates pr\u00eat \u00e0 op\u00e9rer \u00e0 nouveau, de r\u00e9engager les bras et de fixer \u00e0 nouveau le cardan.<\/p>\n<p>Supporte les syst\u00e8mes jusqu&#8217;\u00e0 50lbs et les cardans de 25mm ou 30mm de diam\u00e8tre, y compris les anneaux de pr\u00e9hension Advanced et Basic.<\/p>\n","protected":false},"excerpt":{"rendered":"<p>L&#8217;Armorman 3.0 a \u00e9t\u00e9 con\u00e7u pour offrir confort et soutien lors de l&#8217;utilisation de votre cardan en transf\u00e9rant le poids du cardan vers le centre de votre corps, ce qui soulage consid\u00e9rablement vos bras. Cela vous permet d&#8217;utiliser votre cardan [&hellip;]<\/p>\n","protected":false},"featured_media":0,"comment_status":"closed","ping_status":"closed","template":"","meta":[],"product_cat":[2352],"product_tag":[],"acf":[],"gallery_images":[1938960,1938961,1938962],"_links":{"self":[{"href":"https:\/\/eu.tilta.com\/fr\/wp-json\/wp\/v2\/product\/1997046"}],"collection":[{"href":"https:\/\/eu.tilta.com\/fr\/wp-json\/wp\/v2\/product"}],"about":[{"href":"https:\/\/eu.tilta.com\/fr\/wp-json\/wp\/v2\/types\/product"}],"replies":[{"embeddable":true,"href":"https:\/\/eu.tilta.com\/fr\/wp-json\/wp\/v2\/comments?post=1997046"}],"wp:attachment":[{"href":"https:\/\/eu.tilta.com\/fr\/wp-json\/wp\/v2\/media?parent=1997046"}],"wp:term":[{"taxonomy":"product_cat","embeddable":true,"href":"https:\/\/eu.tilta.com\/fr\/wp-json\/wp\/v2\/product_cat?post=1997046"},{"taxonomy":"product_tag","embeddable":true,"href":"https:\/\/eu.tilta.com\/fr\/wp-json\/wp\/v2\/product_tag?post=1997046"}],"curies":[{"name":"wp","href":"https:\/\/api.w.org\/{rel}","templated":true}]}}