{"id":1997053,"date":"2020-01-02T12:32:39","date_gmt":"2020-01-02T11:32:39","guid":{"rendered":"https:\/\/de.tilta.com\/shop\/bague-dadaptation-pour-boite-de-matage-a-pince-miniature\/"},"modified":"2026-02-16T09:02:58","modified_gmt":"2026-02-16T08:02:58","slug":"adapter-ring-for-mini-clamp-on-matte-box","status":"publish","type":"product","link":"https:\/\/eu.tilta.com\/fr\/shop\/adapter-ring-for-mini-clamp-on-matte-box\/","title":{"rendered":"Bague d&#8217;adaptation pour bo\u00eete de matage \u00e0 pince miniature"},"content":{"rendered":"<p>Ces bagues d&#8217;adaptation pour la <a href=\"https:\/\/de.tilta.com\/shop\/tiltaing-mini-matte-box\/\">Mini Matte Box de<\/a> Tiltaing sont con\u00e7ues pour des objectifs de diff\u00e9rents diam\u00e8tres frontaux.<\/p>\n<p>Ces anneaux adaptateurs se vissent dans le filetage du filtre de votre objectif et vous permettent de fixer la <a href=\"https:\/\/de.tilta.com\/shop\/tiltaing-mini-matte-box\/\">Mini Matte Box<\/a> directement sur l&#8217;adaptateur.<\/p>\n<p>Les filtres \u00e0 visser de m\u00eame diam\u00e8tre peuvent \u00eatre fix\u00e9s gr\u00e2ce au filetage situ\u00e9 \u00e0 l&#8217;int\u00e9rieur de la bague d&#8217;adaptation.<\/p>\n<p>&nbsp;<\/p>\n","protected":false},"excerpt":{"rendered":"<p>Ces bagues d&#8217;adaptation pour la Mini Matte Box de Tiltaing sont con\u00e7ues pour des objectifs de diff\u00e9rents diam\u00e8tres frontaux. Ces anneaux adaptateurs se vissent dans le filetage du filtre de votre objectif et vous permettent de fixer la Mini Matte [&hellip;]<\/p>\n","protected":false},"featured_media":1997064,"comment_status":"closed","ping_status":"closed","template":"","meta":[],"product_cat":[4448,2126],"product_tag":[],"acf":[],"gallery_images":[1997066],"_links":{"self":[{"href":"https:\/\/eu.tilta.com\/fr\/wp-json\/wp\/v2\/product\/1997053"}],"collection":[{"href":"https:\/\/eu.tilta.com\/fr\/wp-json\/wp\/v2\/product"}],"about":[{"href":"https:\/\/eu.tilta.com\/fr\/wp-json\/wp\/v2\/types\/product"}],"replies":[{"embeddable":true,"href":"https:\/\/eu.tilta.com\/fr\/wp-json\/wp\/v2\/comments?post=1997053"}],"wp:featuredmedia":[{"embeddable":true,"href":"https:\/\/eu.tilta.com\/fr\/wp-json\/wp\/v2\/media\/1997064"}],"wp:attachment":[{"href":"https:\/\/eu.tilta.com\/fr\/wp-json\/wp\/v2\/media?parent=1997053"}],"wp:term":[{"taxonomy":"product_cat","embeddable":true,"href":"https:\/\/eu.tilta.com\/fr\/wp-json\/wp\/v2\/product_cat?post=1997053"},{"taxonomy":"product_tag","embeddable":true,"href":"https:\/\/eu.tilta.com\/fr\/wp-json\/wp\/v2\/product_tag?post=1997053"}],"curies":[{"name":"wp","href":"https:\/\/api.w.org\/{rel}","templated":true}]}}