{"id":1997084,"date":"2019-12-05T23:31:06","date_gmt":"2019-12-05T22:31:06","guid":{"rendered":"https:\/\/de.tilta.com\/shop\/cable-de-marche-arret-de-la-poignee-laterale-tilta\/"},"modified":"2026-02-16T09:02:58","modified_gmt":"2026-02-16T08:02:58","slug":"tiltaing-side-handle-run-stop-cable","status":"publish","type":"product","link":"https:\/\/eu.tilta.com\/fr\/shop\/tiltaing-side-handle-run-stop-cable\/","title":{"rendered":"C\u00e2ble de marche\/arr\u00eat de la poign\u00e9e lat\u00e9rale Tilta"},"content":{"rendered":"<p>Ces c\u00e2bles pour la poign\u00e9e d&#8217;alimentation lat\u00e9rale Tiltaing avec fonction marche\/arr\u00eat vous permettent d&#8217;utiliser la fonction marche\/arr\u00eat dans les syst\u00e8mes de cam\u00e9ras qui la prennent en charge. Branchez simplement l&#8217;extr\u00e9mit\u00e9 \u00e0 7 broches du c\u00e2ble dans la poign\u00e9e d&#8217;alimentation lat\u00e9rale Tiltaing avec Run\/Stop et l&#8217;autre extr\u00e9mit\u00e9 dans le port R\/S de l&#8217;appareil photo. Notez que ce c\u00e2ble a \u00e9t\u00e9 sp\u00e9cialement con\u00e7u pour les poign\u00e9es lat\u00e9rales Tiltaing avec marche\/arr\u00eat, de sorte que la fonction R\/S ne fonctionne qu&#8217;avec ces poign\u00e9es.<\/p>\n","protected":false},"excerpt":{"rendered":"<p>Ces c\u00e2bles pour la poign\u00e9e d&#8217;alimentation lat\u00e9rale Tiltaing avec fonction marche\/arr\u00eat vous permettent d&#8217;utiliser la fonction marche\/arr\u00eat dans les syst\u00e8mes de cam\u00e9ras qui la prennent en charge. Branchez simplement l&#8217;extr\u00e9mit\u00e9 \u00e0 7 broches du c\u00e2ble dans la poign\u00e9e d&#8217;alimentation lat\u00e9rale [&hellip;]<\/p>\n","protected":false},"featured_media":1997090,"comment_status":"closed","ping_status":"closed","template":"","meta":[],"product_cat":[4448,1668,2218],"product_tag":[],"acf":[],"gallery_images":[],"_links":{"self":[{"href":"https:\/\/eu.tilta.com\/fr\/wp-json\/wp\/v2\/product\/1997084"}],"collection":[{"href":"https:\/\/eu.tilta.com\/fr\/wp-json\/wp\/v2\/product"}],"about":[{"href":"https:\/\/eu.tilta.com\/fr\/wp-json\/wp\/v2\/types\/product"}],"replies":[{"embeddable":true,"href":"https:\/\/eu.tilta.com\/fr\/wp-json\/wp\/v2\/comments?post=1997084"}],"wp:featuredmedia":[{"embeddable":true,"href":"https:\/\/eu.tilta.com\/fr\/wp-json\/wp\/v2\/media\/1997090"}],"wp:attachment":[{"href":"https:\/\/eu.tilta.com\/fr\/wp-json\/wp\/v2\/media?parent=1997084"}],"wp:term":[{"taxonomy":"product_cat","embeddable":true,"href":"https:\/\/eu.tilta.com\/fr\/wp-json\/wp\/v2\/product_cat?post=1997084"},{"taxonomy":"product_tag","embeddable":true,"href":"https:\/\/eu.tilta.com\/fr\/wp-json\/wp\/v2\/product_tag?post=1997084"}],"curies":[{"name":"wp","href":"https:\/\/api.w.org\/{rel}","templated":true}]}}