{"id":1997093,"date":"2019-12-16T14:25:10","date_gmt":"2019-12-16T13:25:10","guid":{"rendered":"https:\/\/de.tilta.com\/shop\/tilta-mini-matte-box\/"},"modified":"2026-02-26T09:13:52","modified_gmt":"2026-02-26T08:13:52","slug":"tiltaing-mini-matte-box","status":"publish","type":"product","link":"https:\/\/eu.tilta.com\/fr\/shop\/tiltaing-mini-matte-box\/","title":{"rendered":"Tilta Mini Matte Box"},"content":{"rendered":"<p>La Mini Matte Box est une solution l\u00e9g\u00e8re et abordable pour les cin\u00e9astes utilisant des cam\u00e9ras de type DSLR et sans miroir. La Mini Matte Box ne p\u00e8se que 140g (4,9oz).<\/p>\n<p>Il offre une protection suppl\u00e9mentaire \u00e0 votre objectif et peut aider \u00e0 pr\u00e9venir les \u00e9clats de lumi\u00e8re avec le drapeau fran\u00e7ais sup\u00e9rieur inclus.<\/p>\n<p>Les trous de vis 1\/4&#8243;-20 et 3\/8&#8243;-16 et les fixations pour sabot froid offrent plusieurs points de fixation pour une vari\u00e9t\u00e9 d&#8217;accessoires tels que de petites lampes LED ou des microphones.<\/p>\n<p>Le kit comprend \u00e9galement un adaptateur de tige de 15 mm qui se fixe au fond de la bo\u00eete matte, offrant un support pour le poids de la bo\u00eete matte ainsi qu&#8217;un moyen de fixer votre objectif en place pour assurer sa stabilit\u00e9 (ne prend pas en charge les objectifs dont l&#8217;\u00e9l\u00e9ment avant est t\u00e9lescopique).<\/p>\n<p>L&#8217;avantage suppl\u00e9mentaire de ce bo\u00eetier mat est qu&#8217;il offre deux options de filtre. La face avant de la bo\u00eete \u00e0 matte comporte un emplacement pour tout filtre standard 4&#215;5.65.<\/p>\n<p>De plus, les filtres \u00e0 visser peuvent \u00eatre fix\u00e9s aux bagues d&#8217;adaptation fournies gr\u00e2ce au filetage int\u00e9rieur correspondant au diam\u00e8tre de chaque bague d&#8217;adaptation.<\/p>\n<p>Cette bague d&#8217;adaptation est d&#8217;abord fix\u00e9e \u00e0 votre objectif, puis la bo\u00eete mate se fixe sur la bague d&#8217;adaptation.<\/p>\n<p>Le kit comprend la Mini Matte Box, un drapeau fran\u00e7ais sup\u00e9rieur, un support de tige unique de 15 mm et quatre bagues d&#8217;adaptation d&#8217;objectif (82 mm, 77 mm, 67 mm et 72 mm).<\/p>\n<p>Des bagues d&#8217;adaptation suppl\u00e9mentaires dans des tailles non standard (52 mm, 55 mm, 58 mm, 62 mm, 85 mm) ainsi que des bagues d&#8217;adaptation pour la version cin\u00e9ma (80 mm et 85 mm) sont d\u00e9sormais disponibles.<\/p>\n<p><strong>NOTE : Pour \u00e9viter le vignettage, nous vous recommandons d&#8217;utiliser des longueurs focales sup\u00e9rieures \u00e0 24 mm pour le S35 et \u00e0 35 mm pour le plein cadre.  <\/strong><\/p>\n","protected":false},"excerpt":{"rendered":"<p>La Mini Matte Box est une solution l\u00e9g\u00e8re et abordable pour les cin\u00e9astes utilisant des cam\u00e9ras de type DSLR et sans miroir. La Mini Matte Box ne p\u00e8se que 140g (4,9oz). Il offre une protection suppl\u00e9mentaire \u00e0 votre objectif et [&hellip;]<\/p>\n","protected":false},"featured_media":1997108,"comment_status":"closed","ping_status":"closed","template":"","meta":[],"product_cat":[3252,1882,1811,1713,1621,1802,1805,1762,1799,1757,1748,1732,1706,1623,1624,1794,1782,1739,1631,1791,1715,1775,1728,1635,1809,1745,1726,1636,1642,1644,1647,1768,1655,1661,1773,1784,1765,1754,1752,1718,1710,1700,1703,1663,1668,1671,1694,1687,1691,2126],"product_tag":[],"acf":[],"gallery_images":[1997110,1997111,1997112,1997113,1997115],"_links":{"self":[{"href":"https:\/\/eu.tilta.com\/fr\/wp-json\/wp\/v2\/product\/1997093"}],"collection":[{"href":"https:\/\/eu.tilta.com\/fr\/wp-json\/wp\/v2\/product"}],"about":[{"href":"https:\/\/eu.tilta.com\/fr\/wp-json\/wp\/v2\/types\/product"}],"replies":[{"embeddable":true,"href":"https:\/\/eu.tilta.com\/fr\/wp-json\/wp\/v2\/comments?post=1997093"}],"wp:featuredmedia":[{"embeddable":true,"href":"https:\/\/eu.tilta.com\/fr\/wp-json\/wp\/v2\/media\/1997108"}],"wp:attachment":[{"href":"https:\/\/eu.tilta.com\/fr\/wp-json\/wp\/v2\/media?parent=1997093"}],"wp:term":[{"taxonomy":"product_cat","embeddable":true,"href":"https:\/\/eu.tilta.com\/fr\/wp-json\/wp\/v2\/product_cat?post=1997093"},{"taxonomy":"product_tag","embeddable":true,"href":"https:\/\/eu.tilta.com\/fr\/wp-json\/wp\/v2\/product_tag?post=1997093"}],"curies":[{"name":"wp","href":"https:\/\/api.w.org\/{rel}","templated":true}]}}