{"id":1997367,"date":"2019-10-30T17:57:02","date_gmt":"2019-10-30T16:57:02","guid":{"rendered":"https:\/\/de.tilta.com\/shop\/tilta-v-mount-battery-plate-v2\/"},"modified":"2025-12-05T13:12:45","modified_gmt":"2025-12-05T12:12:45","slug":"tiltaing-v-mount-battery-plate-v2","status":"publish","type":"product","link":"https:\/\/eu.tilta.com\/fr\/shop\/tiltaing-v-mount-battery-plate-v2\/","title":{"rendered":"Tilta V-Mount Battery Plate V2"},"content":{"rendered":"<p>Cette plaque de batterie \u00e0 monture en V vous permet d&#8217;alimenter un appareil photo compatible ainsi que des accessoires externes \u00e0 l&#8217;aide de batteries \u00e0 monture en V et des ports d&#8217;alimentation P-tap\/DC int\u00e9gr\u00e9s \u00e0 la plaque.<\/p>\n<p>L&#8217;adaptateur de tige LWS de 15 mm vous permet de fixer la plaque de batterie \u00e0 la tige de votre appareil photo.<\/p>\n<p>*Cette plaque de batterie ne peut pas \u00eatre mont\u00e9e verticalement.<\/p>\n","protected":false},"excerpt":{"rendered":"<p>Cette plaque de batterie \u00e0 monture en V vous permet d&#8217;alimenter un appareil photo compatible ainsi que des accessoires externes \u00e0 l&#8217;aide de batteries \u00e0 monture en V et des ports d&#8217;alimentation P-tap\/DC int\u00e9gr\u00e9s \u00e0 la plaque. L&#8217;adaptateur de tige [&hellip;]<\/p>\n","protected":false},"featured_media":0,"comment_status":"closed","ping_status":"closed","template":"","meta":[],"product_cat":[3252,1713,1621,1706,1623,1624,1782,1739,1631,1791,1775,1728,1635,1745,1726,1636,1642,1644,1647,1655,1661,1773,1784,1765,1754,1752,1718,1710,1700,1703,1663,1668,1671,1694,1687,1691,2417],"product_tag":[],"acf":[],"gallery_images":[47249],"_links":{"self":[{"href":"https:\/\/eu.tilta.com\/fr\/wp-json\/wp\/v2\/product\/1997367"}],"collection":[{"href":"https:\/\/eu.tilta.com\/fr\/wp-json\/wp\/v2\/product"}],"about":[{"href":"https:\/\/eu.tilta.com\/fr\/wp-json\/wp\/v2\/types\/product"}],"replies":[{"embeddable":true,"href":"https:\/\/eu.tilta.com\/fr\/wp-json\/wp\/v2\/comments?post=1997367"}],"wp:attachment":[{"href":"https:\/\/eu.tilta.com\/fr\/wp-json\/wp\/v2\/media?parent=1997367"}],"wp:term":[{"taxonomy":"product_cat","embeddable":true,"href":"https:\/\/eu.tilta.com\/fr\/wp-json\/wp\/v2\/product_cat?post=1997367"},{"taxonomy":"product_tag","embeddable":true,"href":"https:\/\/eu.tilta.com\/fr\/wp-json\/wp\/v2\/product_tag?post=1997367"}],"curies":[{"name":"wp","href":"https:\/\/api.w.org\/{rel}","templated":true}]}}