{"id":1997424,"date":"2019-08-27T17:19:30","date_gmt":"2019-08-27T15:19:30","guid":{"rendered":"https:\/\/de.tilta.com\/shop\/plaque-de-base-lws-15mm-type-ii\/"},"modified":"2026-01-07T20:56:10","modified_gmt":"2026-01-07T19:56:10","slug":"15mm-lws-baseplate-type-ii","status":"publish","type":"product","link":"https:\/\/eu.tilta.com\/fr\/shop\/15mm-lws-baseplate-type-ii\/","title":{"rendered":"Plaque de base LWS 15mm Type II"},"content":{"rendered":"<p>Cette plaque de base LWS de 15 mm se glisse facilement sur la base des demi-cages et des cages compl\u00e8tes de Tiltaing pour Panasonic GH, Fuji XT3\/4, Nikon Z6\/Z7, Sony a6, et Sony a7\/a9.<\/p>\n<p>Il est \u00e9quip\u00e9 de porte-cannes LWS de 15 mm pour vous permettre de fixer des accessoires \u00e0 base de cannes et est compatible avec les queues d&#8217;aronde standard de Tilta ou les queues d&#8217;aronde standard d&#8217;ARRI par le biais d&#8217;un adaptateur.<\/p>\n<p>Les filetages 1\/4\u2033-20 sur la partie inf\u00e9rieure permettent de supporter la plupart des plaques de fixation rapide.<\/p>\n","protected":false},"excerpt":{"rendered":"<p>Cette plaque de base LWS de 15 mm se glisse facilement sur la base des demi-cages et des cages compl\u00e8tes de Tiltaing pour Panasonic GH, Fuji XT3\/4, Nikon Z6\/Z7, Sony a6, et Sony a7\/a9. Il est \u00e9quip\u00e9 de porte-cannes LWS [&hellip;]<\/p>\n","protected":false},"featured_media":0,"comment_status":"closed","ping_status":"closed","template":"","meta":[],"product_cat":[1631,1635,1642,1644,1661,1710,1663,1668,1671,1691,2022,2418],"product_tag":[],"acf":[],"gallery_images":[44432,44433],"_links":{"self":[{"href":"https:\/\/eu.tilta.com\/fr\/wp-json\/wp\/v2\/product\/1997424"}],"collection":[{"href":"https:\/\/eu.tilta.com\/fr\/wp-json\/wp\/v2\/product"}],"about":[{"href":"https:\/\/eu.tilta.com\/fr\/wp-json\/wp\/v2\/types\/product"}],"replies":[{"embeddable":true,"href":"https:\/\/eu.tilta.com\/fr\/wp-json\/wp\/v2\/comments?post=1997424"}],"wp:attachment":[{"href":"https:\/\/eu.tilta.com\/fr\/wp-json\/wp\/v2\/media?parent=1997424"}],"wp:term":[{"taxonomy":"product_cat","embeddable":true,"href":"https:\/\/eu.tilta.com\/fr\/wp-json\/wp\/v2\/product_cat?post=1997424"},{"taxonomy":"product_tag","embeddable":true,"href":"https:\/\/eu.tilta.com\/fr\/wp-json\/wp\/v2\/product_tag?post=1997424"}],"curies":[{"name":"wp","href":"https:\/\/api.w.org\/{rel}","templated":true}]}}