{"id":1997439,"date":"2019-09-06T17:51:48","date_gmt":"2019-09-06T15:51:48","guid":{"rendered":"https:\/\/de.tilta.com\/shop\/fixation-1-4-20-a-arri-rosette-pour-panasonic-gh-series-et-sony-a7-a9-series\/"},"modified":"2026-02-16T09:02:59","modified_gmt":"2026-02-16T08:02:59","slug":"1-4-20-to-arri-rosette-attachment-for-panasonic-gh-series-and-sony-a7-a9-series","status":"publish","type":"product","link":"https:\/\/eu.tilta.com\/fr\/shop\/1-4-20-to-arri-rosette-attachment-for-panasonic-gh-series-and-sony-a7-a9-series\/","title":{"rendered":"Fixation 1\/4&#8243;-20 \u00e0 Arri Rosette pour Panasonic GH Series et Sony a7\/a9 Series"},"content":{"rendered":"<p>Cette fixation 1\/4&#8243;-20 \u00e0 la rosette Arri a \u00e9t\u00e9 con\u00e7ue sp\u00e9cifiquement pour les s\u00e9ries Panasonic GH et Sony a7\/a9 des cages de cam\u00e9ra Tiltaing, mais elle est compatible avec toutes les cages dot\u00e9es d&#8217;un filetage 1\/4&#8243;-20.<\/p>\n<p>Il vous permet de monter une rosette Arri sur votre appareil gr\u00e2ce \u00e0 deux vis de montage 1\/4&#8243;-20.<\/p>\n<p>La fente pour les vis 1\/4&#8243;-20 vous permet d&#8217;ajuster facilement la fixation en fonction de l&#8217;emplacement des trous de vis sur la cage.<\/p>\n","protected":false},"excerpt":{"rendered":"<p>Cette fixation 1\/4&#8243;-20 \u00e0 la rosette Arri a \u00e9t\u00e9 con\u00e7ue sp\u00e9cifiquement pour les s\u00e9ries Panasonic GH et Sony a7\/a9 des cages de cam\u00e9ra Tiltaing, mais elle est compatible avec toutes les cages dot\u00e9es d&#8217;un filetage 1\/4&#8243;-20. Il vous permet de [&hellip;]<\/p>\n","protected":false},"featured_media":0,"comment_status":"closed","ping_status":"closed","template":"","meta":[],"product_cat":[4448,1644,1671,2418],"product_tag":[],"acf":[],"gallery_images":[47259],"_links":{"self":[{"href":"https:\/\/eu.tilta.com\/fr\/wp-json\/wp\/v2\/product\/1997439"}],"collection":[{"href":"https:\/\/eu.tilta.com\/fr\/wp-json\/wp\/v2\/product"}],"about":[{"href":"https:\/\/eu.tilta.com\/fr\/wp-json\/wp\/v2\/types\/product"}],"replies":[{"embeddable":true,"href":"https:\/\/eu.tilta.com\/fr\/wp-json\/wp\/v2\/comments?post=1997439"}],"wp:attachment":[{"href":"https:\/\/eu.tilta.com\/fr\/wp-json\/wp\/v2\/media?parent=1997439"}],"wp:term":[{"taxonomy":"product_cat","embeddable":true,"href":"https:\/\/eu.tilta.com\/fr\/wp-json\/wp\/v2\/product_cat?post=1997439"},{"taxonomy":"product_tag","embeddable":true,"href":"https:\/\/eu.tilta.com\/fr\/wp-json\/wp\/v2\/product_tag?post=1997439"}],"curies":[{"name":"wp","href":"https:\/\/api.w.org\/{rel}","templated":true}]}}