{"id":1997442,"date":"2019-09-19T21:27:27","date_gmt":"2019-09-19T19:27:27","guid":{"rendered":"https:\/\/de.tilta.com\/shop\/tilta-15mm-lws-baseplate-type-iii\/"},"modified":"2025-12-05T13:13:19","modified_gmt":"2025-12-05T12:13:19","slug":"tiltaing-15mm-lws-baseplate-type-iii","status":"publish","type":"product","link":"https:\/\/eu.tilta.com\/fr\/shop\/tiltaing-15mm-lws-baseplate-type-iii\/","title":{"rendered":"Tilta 15mm LWS Baseplate Type III"},"content":{"rendered":"<p>Cette plaque de base LWS de 15 mm se glisse facilement sur la base des cages de cam\u00e9ra compl\u00e8tes Tiltaing pour Canon 5D\/7D.<\/p>\n<p>Il est \u00e9quip\u00e9 de porte-cannes LWS de 15 mm pour vous permettre de fixer des accessoires \u00e0 base de cannes et est compatible avec les queues d&#8217;aronde standard de Tilta ou les queues d&#8217;aronde standard d&#8217;ARRI par le biais d&#8217;un adaptateur.<\/p>\n<p>Les filetages 1\/4\u2033-20 sur la partie inf\u00e9rieure permettent de supporter la plupart des plaques de fixation rapide.<\/p>\n","protected":false},"excerpt":{"rendered":"<p>Cette plaque de base LWS de 15 mm se glisse facilement sur la base des cages de cam\u00e9ra compl\u00e8tes Tiltaing pour Canon 5D\/7D. Il est \u00e9quip\u00e9 de porte-cannes LWS de 15 mm pour vous permettre de fixer des accessoires \u00e0 [&hellip;]<\/p>\n","protected":false},"featured_media":0,"comment_status":"closed","ping_status":"closed","template":"","meta":[],"product_cat":[1624,2022],"product_tag":[],"acf":[],"gallery_images":[45445,45446],"_links":{"self":[{"href":"https:\/\/eu.tilta.com\/fr\/wp-json\/wp\/v2\/product\/1997442"}],"collection":[{"href":"https:\/\/eu.tilta.com\/fr\/wp-json\/wp\/v2\/product"}],"about":[{"href":"https:\/\/eu.tilta.com\/fr\/wp-json\/wp\/v2\/types\/product"}],"replies":[{"embeddable":true,"href":"https:\/\/eu.tilta.com\/fr\/wp-json\/wp\/v2\/comments?post=1997442"}],"wp:attachment":[{"href":"https:\/\/eu.tilta.com\/fr\/wp-json\/wp\/v2\/media?parent=1997442"}],"wp:term":[{"taxonomy":"product_cat","embeddable":true,"href":"https:\/\/eu.tilta.com\/fr\/wp-json\/wp\/v2\/product_cat?post=1997442"},{"taxonomy":"product_tag","embeddable":true,"href":"https:\/\/eu.tilta.com\/fr\/wp-json\/wp\/v2\/product_tag?post=1997442"}],"curies":[{"name":"wp","href":"https:\/\/api.w.org\/{rel}","templated":true}]}}