{"id":1997487,"date":"2019-08-26T17:19:27","date_gmt":"2019-08-26T15:19:27","guid":{"rendered":"https:\/\/de.tilta.com\/shop\/adaptateur-dobjectif-pour-la-serie-sony-a7-a9\/"},"modified":"2026-02-16T09:03:01","modified_gmt":"2026-02-16T08:03:01","slug":"lens-adapter-support-for-sony-a7-a9-series","status":"publish","type":"product","link":"https:\/\/eu.tilta.com\/fr\/shop\/lens-adapter-support-for-sony-a7-a9-series\/","title":{"rendered":"Adaptateur d&#8217;objectif pour la s\u00e9rie Sony a7\/a9"},"content":{"rendered":"<p>Ce support se fixe \u00e0 l&#8217;avant de la cage de l&#8217;appareil photo Tiltaing pour les s\u00e9ries Sony a7\/a9 afin de soutenir les diff\u00e9rents adaptateurs d&#8217;objectif qui peuvent \u00eatre utilis\u00e9s sur l&#8217;appareil photo.<\/p>\n","protected":false},"excerpt":{"rendered":"<p>Ce support se fixe \u00e0 l&#8217;avant de la cage de l&#8217;appareil photo Tiltaing pour les s\u00e9ries Sony a7\/a9 afin de soutenir les diff\u00e9rents adaptateurs d&#8217;objectif qui peuvent \u00eatre utilis\u00e9s sur l&#8217;appareil photo.<\/p>\n","protected":false},"featured_media":0,"comment_status":"closed","ping_status":"closed","template":"","meta":[],"product_cat":[4448,1671,2090],"product_tag":[],"acf":[],"gallery_images":[47167],"_links":{"self":[{"href":"https:\/\/eu.tilta.com\/fr\/wp-json\/wp\/v2\/product\/1997487"}],"collection":[{"href":"https:\/\/eu.tilta.com\/fr\/wp-json\/wp\/v2\/product"}],"about":[{"href":"https:\/\/eu.tilta.com\/fr\/wp-json\/wp\/v2\/types\/product"}],"replies":[{"embeddable":true,"href":"https:\/\/eu.tilta.com\/fr\/wp-json\/wp\/v2\/comments?post=1997487"}],"wp:attachment":[{"href":"https:\/\/eu.tilta.com\/fr\/wp-json\/wp\/v2\/media?parent=1997487"}],"wp:term":[{"taxonomy":"product_cat","embeddable":true,"href":"https:\/\/eu.tilta.com\/fr\/wp-json\/wp\/v2\/product_cat?post=1997487"},{"taxonomy":"product_tag","embeddable":true,"href":"https:\/\/eu.tilta.com\/fr\/wp-json\/wp\/v2\/product_tag?post=1997487"}],"curies":[{"name":"wp","href":"https:\/\/api.w.org\/{rel}","templated":true}]}}