{"id":1997522,"date":"2019-08-16T12:02:22","date_gmt":"2019-08-16T10:02:22","guid":{"rendered":"https:\/\/de.tilta.com\/shop\/cage-a-camera-et-systeme-de-sac-a-dos-pour-sony-venice-rialto\/"},"modified":"2025-12-05T13:14:22","modified_gmt":"2025-12-05T12:14:22","slug":"sony-venice-rialto-camera-cage-and-backpack-system","status":"publish","type":"product","link":"https:\/\/eu.tilta.com\/fr\/shop\/sony-venice-rialto-camera-cage-and-backpack-system\/","title":{"rendered":"Cage \u00e0 cam\u00e9ra et syst\u00e8me de sac \u00e0 dos pour Sony Venice Rialto"},"content":{"rendered":"<p>Armez votre appareil photo avec cette cage Tilta sp\u00e9cialement con\u00e7ue pour le Sony Venice Rialto.<\/p>\n<p>Il s&#8217;agit d&#8217;une armure de protection en aluminium de haute qualit\u00e9, frais\u00e9e par CNC, pour le bloc capteur de la cam\u00e9ra qui comporte plusieurs points de montage \u00bc&#8221;-20 et \u215c&#8221;-16 pour la fixation d&#8217;accessoires.<\/p>\n<p>Une plaque de batterie, disponible en montage or ou en montage V, peut \u00eatre mont\u00e9e \u00e0 l&#8217;arri\u00e8re du bloc capteur.<\/p>\n<p>Il envoie ensuite le courant \u00e0 un port Fischer \u00e0 3 broches et \u00e0 un port Lemo \u00e0 2 broches situ\u00e9s \u00e0 l&#8217;avant de la cage pour vous permettre d&#8217;alimenter des accessoires.<\/p>\n<p>Le c\u00e2ble Fischer \u00e0 3 broches fourni envoie la communication du port de communication \u00e0 3 broches de la cam\u00e9ra \u00e0 un port Fischer \u00e0 3 broches situ\u00e9 \u00e0 l&#8217;arri\u00e8re de la cage, qui envoie ensuite la fonctionnalit\u00e9 R\/S \u00e0 un port R\/S \u00e0 3 broches situ\u00e9 \u00e0 l&#8217;avant de la cage.<\/p>\n<p>Remarque : ce port R\/S ne peut envoyer que des arr\u00eats de marche et ne peut alimenter aucun accessoire.<\/p>\n<p>Deux bras d&#8217;extension et des poign\u00e9es en bois sont inclus dans le kit pour vous permettre de vous attacher aux deux rosettes Arri standard de la cage qui se trouvent sur les c\u00f4t\u00e9s, vous offrant ainsi un moyen confortable d&#8217;op\u00e9rer.<\/p>\n<p>Le kit comprend \u00e9galement un sac \u00e0 dos dot\u00e9 d&#8217;une queue d&#8217;aronde et d&#8217;une petite plaque de base sur laquelle le bo\u00eetier de l&#8217;appareil photo peut \u00eatre mont\u00e9. Vous disposez ainsi d&#8217;un moyen confortable et ergonomique d&#8217;utiliser et de transporter l&#8217;ensemble de l&#8217;installation de l&#8217;appareil photo Rialto.<\/p>\n<p>Le sac \u00e0 dos est \u00e9galement \u00e9quip\u00e9 d&#8217;une plaque de batterie, disponible en monture dor\u00e9e ou en monture en V, pour vous permettre de disposer d&#8217;une puissance suppl\u00e9mentaire.<\/p>\n","protected":false},"excerpt":{"rendered":"<p>Armez votre appareil photo avec cette cage Tilta sp\u00e9cialement con\u00e7ue pour le Sony Venice Rialto. Il s&#8217;agit d&#8217;une armure de protection en aluminium de haute qualit\u00e9, frais\u00e9e par CNC, pour le bloc capteur de la cam\u00e9ra qui comporte plusieurs points [&hellip;]<\/p>\n","protected":false},"featured_media":1997529,"comment_status":"closed","ping_status":"closed","template":"","meta":[],"product_cat":[1681],"product_tag":[],"acf":[],"gallery_images":[1997525,1997526,1997527,1997528],"_links":{"self":[{"href":"https:\/\/eu.tilta.com\/fr\/wp-json\/wp\/v2\/product\/1997522"}],"collection":[{"href":"https:\/\/eu.tilta.com\/fr\/wp-json\/wp\/v2\/product"}],"about":[{"href":"https:\/\/eu.tilta.com\/fr\/wp-json\/wp\/v2\/types\/product"}],"replies":[{"embeddable":true,"href":"https:\/\/eu.tilta.com\/fr\/wp-json\/wp\/v2\/comments?post=1997522"}],"wp:featuredmedia":[{"embeddable":true,"href":"https:\/\/eu.tilta.com\/fr\/wp-json\/wp\/v2\/media\/1997529"}],"wp:attachment":[{"href":"https:\/\/eu.tilta.com\/fr\/wp-json\/wp\/v2\/media?parent=1997522"}],"wp:term":[{"taxonomy":"product_cat","embeddable":true,"href":"https:\/\/eu.tilta.com\/fr\/wp-json\/wp\/v2\/product_cat?post=1997522"},{"taxonomy":"product_tag","embeddable":true,"href":"https:\/\/eu.tilta.com\/fr\/wp-json\/wp\/v2\/product_tag?post=1997522"}],"curies":[{"name":"wp","href":"https:\/\/api.w.org\/{rel}","templated":true}]}}