{"id":1997576,"date":"2019-08-26T16:59:57","date_gmt":"2019-08-26T14:59:57","guid":{"rendered":"https:\/\/de.tilta.com\/shop\/fixation-hdmi-pour-sony-a7r-iii\/"},"modified":"2026-02-16T09:03:03","modified_gmt":"2026-02-16T08:03:03","slug":"hdmi-clamp-attachment-for-sony-a7r-iii","status":"publish","type":"product","link":"https:\/\/eu.tilta.com\/fr\/shop\/hdmi-clamp-attachment-for-sony-a7r-iii\/","title":{"rendered":"Fixation HDMI pour Sony a7R III"},"content":{"rendered":"<p>Cette pince HDMI a \u00e9t\u00e9 con\u00e7ue sp\u00e9cifiquement pour l&#8217;appareil photo Sony a7R III en conjonction avec la cage de l&#8217;appareil photo Sony a7 de Tiltaing. Il se fixe directement \u00e0 la cage pour vous permettre de fixer solidement et en toute s\u00e9curit\u00e9 un c\u00e2ble HDMI \u00e0 votre cam\u00e9ra.<\/p>\n","protected":false},"excerpt":{"rendered":"<p>Cette pince HDMI a \u00e9t\u00e9 con\u00e7ue sp\u00e9cifiquement pour l&#8217;appareil photo Sony a7R III en conjonction avec la cage de l&#8217;appareil photo Sony a7 de Tiltaing. Il se fixe directement \u00e0 la cage pour vous permettre de fixer solidement et en [&hellip;]<\/p>\n","protected":false},"featured_media":0,"comment_status":"closed","ping_status":"closed","template":"","meta":[],"product_cat":[4448,1671,2276,2418],"product_tag":[],"acf":[],"gallery_images":[],"_links":{"self":[{"href":"https:\/\/eu.tilta.com\/fr\/wp-json\/wp\/v2\/product\/1997576"}],"collection":[{"href":"https:\/\/eu.tilta.com\/fr\/wp-json\/wp\/v2\/product"}],"about":[{"href":"https:\/\/eu.tilta.com\/fr\/wp-json\/wp\/v2\/types\/product"}],"replies":[{"embeddable":true,"href":"https:\/\/eu.tilta.com\/fr\/wp-json\/wp\/v2\/comments?post=1997576"}],"wp:attachment":[{"href":"https:\/\/eu.tilta.com\/fr\/wp-json\/wp\/v2\/media?parent=1997576"}],"wp:term":[{"taxonomy":"product_cat","embeddable":true,"href":"https:\/\/eu.tilta.com\/fr\/wp-json\/wp\/v2\/product_cat?post=1997576"},{"taxonomy":"product_tag","embeddable":true,"href":"https:\/\/eu.tilta.com\/fr\/wp-json\/wp\/v2\/product_tag?post=1997576"}],"curies":[{"name":"wp","href":"https:\/\/api.w.org\/{rel}","templated":true}]}}