{"id":1997601,"date":"2019-08-16T12:27:23","date_gmt":"2019-08-16T10:27:23","guid":{"rendered":"https:\/\/de.tilta.com\/shop\/sony-venice-rialto-camera-cage\/"},"modified":"2025-12-05T13:14:55","modified_gmt":"2025-12-05T12:14:55","slug":"sony-venice-rialto-camera-cage","status":"publish","type":"product","link":"https:\/\/eu.tilta.com\/fr\/shop\/sony-venice-rialto-camera-cage\/","title":{"rendered":"Sony Venice Rialto Camera Cage"},"content":{"rendered":"<p>Armez votre appareil photo avec cette cage Tilta sp\u00e9cialement con\u00e7ue pour le Sony Venice Rialto. Il s&#8217;agit d&#8217;une armure de protection en aluminium de haute qualit\u00e9, frais\u00e9e par CNC, pour le bloc capteur de la cam\u00e9ra qui comporte plusieurs points de montage \u00bc&#8221;-20 et \u215c&#8221;-16 pour la fixation d&#8217;accessoires.<\/p>\n<p>Une plaque de batterie (disponible en montage or ou en montage V) peut \u00eatre mont\u00e9e \u00e0 l&#8217;arri\u00e8re du bloc capteur. Il envoie ensuite le courant \u00e0 un port Fischer \u00e0 3 broches et \u00e0 un port Lemo \u00e0 2 broches situ\u00e9s \u00e0 l&#8217;avant de la cage pour vous permettre d&#8217;alimenter des accessoires.<\/p>\n<p>Le c\u00e2ble Fischer \u00e0 3 broches fourni envoie la communication du port de communication \u00e0 3 broches de la cam\u00e9ra \u00e0 un port Fischer \u00e0 3 broches situ\u00e9 \u00e0 l&#8217;arri\u00e8re de la cage (face \u00e0 l&#8217;op\u00e9rateur), qui envoie ensuite la fonctionnalit\u00e9 R\/S \u00e0 un port R\/S \u00e0 3 broches situ\u00e9 \u00e0 l&#8217;avant de la cage.<\/p>\n<p>Remarque : ce port R\/S ne peut envoyer que des arr\u00eats de marche et ne peut alimenter aucun accessoire.<\/p>\n<p>Deux bras d&#8217;extension et des poign\u00e9es en bois sont inclus dans le kit pour vous permettre de vous attacher aux deux rosettes Arri standard de la cage qui se trouvent sur les c\u00f4t\u00e9s, vous offrant ainsi un moyen confortable d&#8217;op\u00e9rer.<\/p>\n<p>Associ\u00e9 au sac \u00e0 dos Sony Venice Rialto (vendu s\u00e9par\u00e9ment), il vous offre un moyen confortable et ergonomique d&#8217;utiliser et de transporter l&#8217;ensemble de votre cam\u00e9ra Rialto.<\/p>\n","protected":false},"excerpt":{"rendered":"<p>Armez votre appareil photo avec cette cage Tilta sp\u00e9cialement con\u00e7ue pour le Sony Venice Rialto. Il s&#8217;agit d&#8217;une armure de protection en aluminium de haute qualit\u00e9, frais\u00e9e par CNC, pour le bloc capteur de la cam\u00e9ra qui comporte plusieurs points [&hellip;]<\/p>\n","protected":false},"featured_media":1997545,"comment_status":"closed","ping_status":"closed","template":"","meta":[],"product_cat":[1681],"product_tag":[],"acf":[],"gallery_images":[],"_links":{"self":[{"href":"https:\/\/eu.tilta.com\/fr\/wp-json\/wp\/v2\/product\/1997601"}],"collection":[{"href":"https:\/\/eu.tilta.com\/fr\/wp-json\/wp\/v2\/product"}],"about":[{"href":"https:\/\/eu.tilta.com\/fr\/wp-json\/wp\/v2\/types\/product"}],"replies":[{"embeddable":true,"href":"https:\/\/eu.tilta.com\/fr\/wp-json\/wp\/v2\/comments?post=1997601"}],"wp:featuredmedia":[{"embeddable":true,"href":"https:\/\/eu.tilta.com\/fr\/wp-json\/wp\/v2\/media\/1997545"}],"wp:attachment":[{"href":"https:\/\/eu.tilta.com\/fr\/wp-json\/wp\/v2\/media?parent=1997601"}],"wp:term":[{"taxonomy":"product_cat","embeddable":true,"href":"https:\/\/eu.tilta.com\/fr\/wp-json\/wp\/v2\/product_cat?post=1997601"},{"taxonomy":"product_tag","embeddable":true,"href":"https:\/\/eu.tilta.com\/fr\/wp-json\/wp\/v2\/product_tag?post=1997601"}],"curies":[{"name":"wp","href":"https:\/\/api.w.org\/{rel}","templated":true}]}}