{"id":1997622,"date":"2019-07-29T14:21:10","date_gmt":"2019-07-29T12:21:10","guid":{"rendered":"https:\/\/de.tilta.com\/shop\/plaque-de-fixation-rapide-tilta-manfrotto\/"},"modified":"2026-02-16T09:03:04","modified_gmt":"2026-02-16T08:03:04","slug":"tiltaing-manfrotto-quick-release-plate","status":"publish","type":"product","link":"https:\/\/eu.tilta.com\/fr\/shop\/tiltaing-manfrotto-quick-release-plate\/","title":{"rendered":"Plaque de fixation rapide Tilta Manfrotto"},"content":{"rendered":"<p>Cette plaque de fixation rapide compatible Manfrotto se fixe directement au bas des cages de cam\u00e9ra Tiltaing pour vous permettre d&#8217;attacher et de d\u00e9tacher rapidement et facilement les syst\u00e8mes de support Manfrotto 577, 500 et 701.<\/p>\n<p><strong>** Non compatible avec la cage Tiltaing BMPCC 4K\/6K<\/strong><\/p>\n","protected":false},"excerpt":{"rendered":"<p>Cette plaque de fixation rapide compatible Manfrotto se fixe directement au bas des cages de cam\u00e9ra Tiltaing pour vous permettre d&#8217;attacher et de d\u00e9tacher rapidement et facilement les syst\u00e8mes de support Manfrotto 577, 500 et 701. ** Non compatible avec [&hellip;]<\/p>\n","protected":false},"featured_media":0,"comment_status":"closed","ping_status":"closed","template":"","meta":[],"product_cat":[4448,1644,1668,1996,2418],"product_tag":[],"acf":[],"gallery_images":[43155,46502],"_links":{"self":[{"href":"https:\/\/eu.tilta.com\/fr\/wp-json\/wp\/v2\/product\/1997622"}],"collection":[{"href":"https:\/\/eu.tilta.com\/fr\/wp-json\/wp\/v2\/product"}],"about":[{"href":"https:\/\/eu.tilta.com\/fr\/wp-json\/wp\/v2\/types\/product"}],"replies":[{"embeddable":true,"href":"https:\/\/eu.tilta.com\/fr\/wp-json\/wp\/v2\/comments?post=1997622"}],"wp:attachment":[{"href":"https:\/\/eu.tilta.com\/fr\/wp-json\/wp\/v2\/media?parent=1997622"}],"wp:term":[{"taxonomy":"product_cat","embeddable":true,"href":"https:\/\/eu.tilta.com\/fr\/wp-json\/wp\/v2\/product_cat?post=1997622"},{"taxonomy":"product_tag","embeddable":true,"href":"https:\/\/eu.tilta.com\/fr\/wp-json\/wp\/v2\/product_tag?post=1997622"}],"curies":[{"name":"wp","href":"https:\/\/api.w.org\/{rel}","templated":true}]}}