{"id":1997637,"date":"2019-05-16T18:06:34","date_gmt":"2019-05-16T16:06:34","guid":{"rendered":"https:\/\/de.tilta.com\/shop\/cable-dalimentation-12v-micro-dc-male-vers-bmpcc-4k-6k\/"},"modified":"2025-12-05T13:14:48","modified_gmt":"2025-12-05T12:14:48","slug":"12v-micro-dc-male-nano-handle-to-bmpcc4k-power-cable","status":"publish","type":"product","link":"https:\/\/eu.tilta.com\/fr\/shop\/12v-micro-dc-male-nano-handle-to-bmpcc4k-power-cable\/","title":{"rendered":"C\u00e2ble d&#8217;alimentation 12V Micro DC M\u00e2le vers BMPCC 4K\/6K"},"content":{"rendered":"<p>Ce c\u00e2ble vous permet d&#8217;alimenter la BMPCC 4K\/6K via une connexion d&#8217;alimentation 12V Micro DC \u00e0 travers le port d&#8217;entr\u00e9e d&#8217;alimentation de la cam\u00e9ra.<\/p>\n<p>Compatible avec les diff\u00e9rentes poign\u00e9es lat\u00e9rales d&#8217;alimentation de la batterie du BMPCC 4K\/6K.<\/p>\n","protected":false},"excerpt":{"rendered":"<p>Ce c\u00e2ble vous permet d&#8217;alimenter la BMPCC 4K\/6K via une connexion d&#8217;alimentation 12V Micro DC \u00e0 travers le port d&#8217;entr\u00e9e d&#8217;alimentation de la cam\u00e9ra. Compatible avec les diff\u00e9rentes poign\u00e9es lat\u00e9rales d&#8217;alimentation de la batterie du BMPCC 4K\/6K.<\/p>\n","protected":false},"featured_media":0,"comment_status":"closed","ping_status":"closed","template":"","meta":[],"product_cat":[1811,1713,1621,2200],"product_tag":[],"acf":[],"gallery_images":[14460,14461],"_links":{"self":[{"href":"https:\/\/eu.tilta.com\/fr\/wp-json\/wp\/v2\/product\/1997637"}],"collection":[{"href":"https:\/\/eu.tilta.com\/fr\/wp-json\/wp\/v2\/product"}],"about":[{"href":"https:\/\/eu.tilta.com\/fr\/wp-json\/wp\/v2\/types\/product"}],"replies":[{"embeddable":true,"href":"https:\/\/eu.tilta.com\/fr\/wp-json\/wp\/v2\/comments?post=1997637"}],"wp:attachment":[{"href":"https:\/\/eu.tilta.com\/fr\/wp-json\/wp\/v2\/media?parent=1997637"}],"wp:term":[{"taxonomy":"product_cat","embeddable":true,"href":"https:\/\/eu.tilta.com\/fr\/wp-json\/wp\/v2\/product_cat?post=1997637"},{"taxonomy":"product_tag","embeddable":true,"href":"https:\/\/eu.tilta.com\/fr\/wp-json\/wp\/v2\/product_tag?post=1997637"}],"curies":[{"name":"wp","href":"https:\/\/api.w.org\/{rel}","templated":true}]}}