{"id":1997648,"date":"2019-07-25T10:03:06","date_gmt":"2019-07-25T08:03:06","guid":{"rendered":"https:\/\/de.tilta.com\/shop\/cable-dalimentation-moteur-8v-dc-male-vers-nucleus-m-7-broches\/"},"modified":"2026-02-16T09:00:42","modified_gmt":"2026-02-16T08:00:42","slug":"8v-dc-male-to-7-pin-nucleus-m-motor-power-cable","status":"publish","type":"product","link":"https:\/\/eu.tilta.com\/fr\/shop\/8v-dc-male-to-7-pin-nucleus-m-motor-power-cable\/","title":{"rendered":"C\u00e2ble d&#8217;alimentation moteur 8V DC m\u00e2le vers Nucleus-M 7 broches"},"content":{"rendered":"<p>Ce c\u00e2ble DC \u00e0 7 broches pour le Nucleus-M vous permet d&#8217;alimenter les moteurs \u00e0 partir d&#8217;un port de sortie DC de 5,5 mm x 2,1 mm. Il suffit de brancher ce c\u00e2ble sur l&#8217;un des moteurs, puis d&#8217;alimenter les autres moteurs en guirlande \u00e0 l&#8217;aide des c\u00e2bles d&#8217;alimentation Nucleus-M 7 broches \u00e0 7 broches. De plus, il permet d&#8217;alimenter le moteur Nucleus-M \u00e0 partir de la batterie 18650.<\/p>\n","protected":false},"excerpt":{"rendered":"<p>Ce c\u00e2ble DC \u00e0 7 broches pour le Nucleus-M vous permet d&#8217;alimenter les moteurs \u00e0 partir d&#8217;un port de sortie DC de 5,5 mm x 2,1 mm. Il suffit de brancher ce c\u00e2ble sur l&#8217;un des moteurs, puis d&#8217;alimenter les [&hellip;]<\/p>\n","protected":false},"featured_media":1997653,"comment_status":"closed","ping_status":"closed","template":"","meta":[],"product_cat":[4448,2200],"product_tag":[],"acf":[],"gallery_images":[43019],"_links":{"self":[{"href":"https:\/\/eu.tilta.com\/fr\/wp-json\/wp\/v2\/product\/1997648"}],"collection":[{"href":"https:\/\/eu.tilta.com\/fr\/wp-json\/wp\/v2\/product"}],"about":[{"href":"https:\/\/eu.tilta.com\/fr\/wp-json\/wp\/v2\/types\/product"}],"replies":[{"embeddable":true,"href":"https:\/\/eu.tilta.com\/fr\/wp-json\/wp\/v2\/comments?post=1997648"}],"wp:featuredmedia":[{"embeddable":true,"href":"https:\/\/eu.tilta.com\/fr\/wp-json\/wp\/v2\/media\/1997653"}],"wp:attachment":[{"href":"https:\/\/eu.tilta.com\/fr\/wp-json\/wp\/v2\/media?parent=1997648"}],"wp:term":[{"taxonomy":"product_cat","embeddable":true,"href":"https:\/\/eu.tilta.com\/fr\/wp-json\/wp\/v2\/product_cat?post=1997648"},{"taxonomy":"product_tag","embeddable":true,"href":"https:\/\/eu.tilta.com\/fr\/wp-json\/wp\/v2\/product_tag?post=1997648"}],"curies":[{"name":"wp","href":"https:\/\/api.w.org\/{rel}","templated":true}]}}