{"id":1997660,"date":"2019-05-10T12:02:24","date_gmt":"2019-05-10T10:02:24","guid":{"rendered":"https:\/\/de.tilta.com\/shop\/6x6-matte-box-plateau-de-filtre-pour-mb-t06\/"},"modified":"2026-02-11T06:57:15","modified_gmt":"2026-02-11T05:57:15","slug":"6x6-matte-box-filter-tray","status":"publish","type":"product","link":"https:\/\/eu.tilta.com\/fr\/shop\/6x6-matte-box-filter-tray\/","title":{"rendered":"6&#215;6 Matte Box Plateau de filtre pour MB-T06"},"content":{"rendered":"<p>Ce plateau de filtre 6&#215;6 est sp\u00e9cialement con\u00e7u pour la bo\u00eete de matage en fibre de carbone MB-T06.<\/p>\n","protected":false},"excerpt":{"rendered":"<p>Ce plateau de filtre 6&#215;6 est sp\u00e9cialement con\u00e7u pour la bo\u00eete de matage en fibre de carbone MB-T06.<\/p>\n","protected":false},"featured_media":1997666,"comment_status":"closed","ping_status":"closed","template":"","meta":[],"product_cat":[2422],"product_tag":[],"acf":[],"gallery_images":[],"_links":{"self":[{"href":"https:\/\/eu.tilta.com\/fr\/wp-json\/wp\/v2\/product\/1997660"}],"collection":[{"href":"https:\/\/eu.tilta.com\/fr\/wp-json\/wp\/v2\/product"}],"about":[{"href":"https:\/\/eu.tilta.com\/fr\/wp-json\/wp\/v2\/types\/product"}],"replies":[{"embeddable":true,"href":"https:\/\/eu.tilta.com\/fr\/wp-json\/wp\/v2\/comments?post=1997660"}],"wp:featuredmedia":[{"embeddable":true,"href":"https:\/\/eu.tilta.com\/fr\/wp-json\/wp\/v2\/media\/1997666"}],"wp:attachment":[{"href":"https:\/\/eu.tilta.com\/fr\/wp-json\/wp\/v2\/media?parent=1997660"}],"wp:term":[{"taxonomy":"product_cat","embeddable":true,"href":"https:\/\/eu.tilta.com\/fr\/wp-json\/wp\/v2\/product_cat?post=1997660"},{"taxonomy":"product_tag","embeddable":true,"href":"https:\/\/eu.tilta.com\/fr\/wp-json\/wp\/v2\/product_tag?post=1997660"}],"curies":[{"name":"wp","href":"https:\/\/api.w.org\/{rel}","templated":true}]}}