{"id":1997663,"date":"2019-04-30T16:15:02","date_gmt":"2019-04-30T14:15:02","guid":{"rendered":"https:\/\/de.tilta.com\/shop\/drapeau-lateral-gauche-pour-mb-t06\/"},"modified":"2026-02-11T06:57:16","modified_gmt":"2026-02-11T05:57:16","slug":"left-side-flag-for-mb-t03-mb-t04-mb-t06-part-only","status":"publish","type":"product","link":"https:\/\/eu.tilta.com\/fr\/shop\/left-side-flag-for-mb-t03-mb-t04-mb-t06-part-only\/","title":{"rendered":"Drapeau lat\u00e9ral gauche pour MB-T06"},"content":{"rendered":"<p>Ce drapeau lat\u00e9ral gauche pour le MB-T06 offre une protection contre les \u00e9blouissements sur le c\u00f4t\u00e9 gauche de votre matte box.<\/p>\n","protected":false},"excerpt":{"rendered":"<p>Ce drapeau lat\u00e9ral gauche pour le MB-T06 offre une protection contre les \u00e9blouissements sur le c\u00f4t\u00e9 gauche de votre matte box.<\/p>\n","protected":false},"featured_media":1997669,"comment_status":"closed","ping_status":"closed","template":"","meta":[],"product_cat":[2135,2424,2422],"product_tag":[],"acf":[],"gallery_images":[],"_links":{"self":[{"href":"https:\/\/eu.tilta.com\/fr\/wp-json\/wp\/v2\/product\/1997663"}],"collection":[{"href":"https:\/\/eu.tilta.com\/fr\/wp-json\/wp\/v2\/product"}],"about":[{"href":"https:\/\/eu.tilta.com\/fr\/wp-json\/wp\/v2\/types\/product"}],"replies":[{"embeddable":true,"href":"https:\/\/eu.tilta.com\/fr\/wp-json\/wp\/v2\/comments?post=1997663"}],"wp:featuredmedia":[{"embeddable":true,"href":"https:\/\/eu.tilta.com\/fr\/wp-json\/wp\/v2\/media\/1997669"}],"wp:attachment":[{"href":"https:\/\/eu.tilta.com\/fr\/wp-json\/wp\/v2\/media?parent=1997663"}],"wp:term":[{"taxonomy":"product_cat","embeddable":true,"href":"https:\/\/eu.tilta.com\/fr\/wp-json\/wp\/v2\/product_cat?post=1997663"},{"taxonomy":"product_tag","embeddable":true,"href":"https:\/\/eu.tilta.com\/fr\/wp-json\/wp\/v2\/product_tag?post=1997663"}],"curies":[{"name":"wp","href":"https:\/\/api.w.org\/{rel}","templated":true}]}}