{"id":1997689,"date":"2019-04-29T13:24:48","date_gmt":"2019-04-29T11:24:48","guid":{"rendered":"https:\/\/de.tilta.com\/shop\/drapeau-lateral-droit-pour-mb-t06\/"},"modified":"2026-04-30T10:00:13","modified_gmt":"2026-04-30T08:00:13","slug":"right-side-flag-for-mb-t03-mb-t04-mb-t06-part-only","status":"publish","type":"product","link":"https:\/\/eu.tilta.com\/fr\/shop\/right-side-flag-for-mb-t03-mb-t04-mb-t06-part-only\/","title":{"rendered":"Drapeau lat\u00e9ral droit pour MB-T06"},"content":{"rendered":"<p>Ce drapeau lat\u00e9ral droit pour le MB-T06 offre une protection contre les \u00e9blouissements sur le c\u00f4t\u00e9 droit de votre matte box.<\/p>\n","protected":false},"excerpt":{"rendered":"<p>Ce drapeau lat\u00e9ral droit pour le MB-T06 offre une protection contre les \u00e9blouissements sur le c\u00f4t\u00e9 droit de votre matte box.<\/p>\n","protected":false},"featured_media":1997691,"comment_status":"closed","ping_status":"closed","template":"","meta":[],"product_cat":[2135,2424,2422],"product_tag":[],"acf":[],"gallery_images":[],"_links":{"self":[{"href":"https:\/\/eu.tilta.com\/fr\/wp-json\/wp\/v2\/product\/1997689"}],"collection":[{"href":"https:\/\/eu.tilta.com\/fr\/wp-json\/wp\/v2\/product"}],"about":[{"href":"https:\/\/eu.tilta.com\/fr\/wp-json\/wp\/v2\/types\/product"}],"replies":[{"embeddable":true,"href":"https:\/\/eu.tilta.com\/fr\/wp-json\/wp\/v2\/comments?post=1997689"}],"wp:featuredmedia":[{"embeddable":true,"href":"https:\/\/eu.tilta.com\/fr\/wp-json\/wp\/v2\/media\/1997691"}],"wp:attachment":[{"href":"https:\/\/eu.tilta.com\/fr\/wp-json\/wp\/v2\/media?parent=1997689"}],"wp:term":[{"taxonomy":"product_cat","embeddable":true,"href":"https:\/\/eu.tilta.com\/fr\/wp-json\/wp\/v2\/product_cat?post=1997689"},{"taxonomy":"product_tag","embeddable":true,"href":"https:\/\/eu.tilta.com\/fr\/wp-json\/wp\/v2\/product_tag?post=1997689"}],"curies":[{"name":"wp","href":"https:\/\/api.w.org\/{rel}","templated":true}]}}