{"id":1997698,"date":"2019-04-26T22:23:44","date_gmt":"2019-04-26T20:23:44","guid":{"rendered":"https:\/\/de.tilta.com\/shop\/poignee-superieure-a-degagement-rapide\/"},"modified":"2026-04-21T16:20:03","modified_gmt":"2026-04-21T14:20:03","slug":"quick-release-top-handle-bmpcc4k","status":"publish","type":"product","link":"https:\/\/eu.tilta.com\/fr\/shop\/quick-release-top-handle-bmpcc4k\/","title":{"rendered":"Poign\u00e9e sup\u00e9rieure \u00e0 d\u00e9gagement rapide"},"content":{"rendered":"<p>Cette poign\u00e9e sup\u00e9rieure \u00e0 d\u00e9gagement rapide se fixe facilement et en toute s\u00e9curit\u00e9 sur la partie sup\u00e9rieure des cages de cam\u00e9ra \u00e0 demi et \u00e0 pleine inclinaison.<\/p>\n<p>Il comporte plusieurs points de fixation 1\/4&#8243;-20 et 3\/8&#8243;-16, ainsi qu&#8217;un point de fixation de la griffe froide \u00e0 l&#8217;avant et un autre \u00e0 l&#8217;arri\u00e8re de la poign\u00e9e.<\/p>\n<p>Un support de tige horizontale de 15 mm est int\u00e9gr\u00e9 \u00e0 la poign\u00e9e pour permettre diverses possibilit\u00e9s de montage, comme le montage d&#8217;un EVF ou d&#8217;un moniteur externe par l&#8217;interm\u00e9diaire d&#8217;une tige de 15 mm.<\/p>\n<p>*Ne peut \u00eatre mont\u00e9 qu&#8217;\u00e0 l&#8217;envers sur la plaque sup\u00e9rieure RED Komodo.<\/p>\n","protected":false},"excerpt":{"rendered":"<p>Cette poign\u00e9e sup\u00e9rieure \u00e0 d\u00e9gagement rapide se fixe facilement et en toute s\u00e9curit\u00e9 sur la partie sup\u00e9rieure des cages de cam\u00e9ra \u00e0 demi et \u00e0 pleine inclinaison. Il comporte plusieurs points de fixation 1\/4&#8243;-20 et 3\/8&#8243;-16, ainsi qu&#8217;un point de [&hellip;]<\/p>\n","protected":false},"featured_media":0,"comment_status":"closed","ping_status":"closed","template":"","meta":[],"product_cat":[1713,1621,1748,1732,1706,1623,1624,1739,1631,1715,1728,1635,1745,1726,1636,1642,1644,1647,1661,1718,1710,1700,1703,1663,1668,1671,1694,1687,1691,2173,2174,2418],"product_tag":[],"acf":[],"gallery_images":[46177],"_links":{"self":[{"href":"https:\/\/eu.tilta.com\/fr\/wp-json\/wp\/v2\/product\/1997698"}],"collection":[{"href":"https:\/\/eu.tilta.com\/fr\/wp-json\/wp\/v2\/product"}],"about":[{"href":"https:\/\/eu.tilta.com\/fr\/wp-json\/wp\/v2\/types\/product"}],"replies":[{"embeddable":true,"href":"https:\/\/eu.tilta.com\/fr\/wp-json\/wp\/v2\/comments?post=1997698"}],"wp:attachment":[{"href":"https:\/\/eu.tilta.com\/fr\/wp-json\/wp\/v2\/media?parent=1997698"}],"wp:term":[{"taxonomy":"product_cat","embeddable":true,"href":"https:\/\/eu.tilta.com\/fr\/wp-json\/wp\/v2\/product_cat?post=1997698"},{"taxonomy":"product_tag","embeddable":true,"href":"https:\/\/eu.tilta.com\/fr\/wp-json\/wp\/v2\/product_tag?post=1997698"}],"curies":[{"name":"wp","href":"https:\/\/api.w.org\/{rel}","templated":true}]}}