{"id":1997770,"date":"2019-03-15T13:43:16","date_gmt":"2019-03-15T12:43:16","guid":{"rendered":"https:\/\/de.tilta.com\/shop\/support-de-canne-a-peche-simple-de-15-mm-de-fond\/"},"modified":"2026-03-24T00:40:45","modified_gmt":"2026-03-23T23:40:45","slug":"15mm-bottom-single-rod-holder","status":"publish","type":"product","link":"https:\/\/eu.tilta.com\/fr\/shop\/15mm-bottom-single-rod-holder\/","title":{"rendered":"Support de canne \u00e0 p\u00eache simple de 15 mm de fond"},"content":{"rendered":"<p>Ce support de tige unique de 15 mm se fixe au fond des cages de cam\u00e9ra Tiltaing, qu&#8217;elles soient compl\u00e8tes ou non.<\/p>\n<p>Il vous permet de fixer une seule tige de 15 mm au bas de votre appareil photo pour attacher des accessoires \u00e0 tige tels que des moteurs de suivi de la mise au point sans fil.<\/p>\n<p>La conception de ce support de canne \u00e0 p\u00eache en fait l&#8217;une des meilleures options l\u00e9g\u00e8res pour fixer une canne \u00e0 p\u00eache de 15 mm \u00e0 votre syst\u00e8me.<\/p>\n<p>Il s&#8217;agit donc de la solution id\u00e9ale pour les cardans et autres appareils photo dont le poids est important.<\/p>\n","protected":false},"excerpt":{"rendered":"<p>Ce support de tige unique de 15 mm se fixe au fond des cages de cam\u00e9ra Tiltaing, qu&#8217;elles soient compl\u00e8tes ou non. Il vous permet de fixer une seule tige de 15 mm au bas de votre appareil photo pour [&hellip;]<\/p>\n","protected":false},"featured_media":0,"comment_status":"closed","ping_status":"closed","template":"","meta":[],"product_cat":[4448,1713,1621,1706,1623,1624,1782,1739,1631,1775,1728,1635,1745,1726,1636,1642,1644,1647,1768,1655,1661,1784,1765,1754,1752,1718,1710,1700,1703,1663,1668,1671,1694,1687,1691,2092],"product_tag":[],"acf":[],"gallery_images":[46391,46390,46392],"_links":{"self":[{"href":"https:\/\/eu.tilta.com\/fr\/wp-json\/wp\/v2\/product\/1997770"}],"collection":[{"href":"https:\/\/eu.tilta.com\/fr\/wp-json\/wp\/v2\/product"}],"about":[{"href":"https:\/\/eu.tilta.com\/fr\/wp-json\/wp\/v2\/types\/product"}],"replies":[{"embeddable":true,"href":"https:\/\/eu.tilta.com\/fr\/wp-json\/wp\/v2\/comments?post=1997770"}],"wp:attachment":[{"href":"https:\/\/eu.tilta.com\/fr\/wp-json\/wp\/v2\/media?parent=1997770"}],"wp:term":[{"taxonomy":"product_cat","embeddable":true,"href":"https:\/\/eu.tilta.com\/fr\/wp-json\/wp\/v2\/product_cat?post=1997770"},{"taxonomy":"product_tag","embeddable":true,"href":"https:\/\/eu.tilta.com\/fr\/wp-json\/wp\/v2\/product_tag?post=1997770"}],"curies":[{"name":"wp","href":"https:\/\/api.w.org\/{rel}","templated":true}]}}