{"id":1997771,"date":"2019-03-15T13:36:47","date_gmt":"2019-03-15T12:36:47","guid":{"rendered":"https:\/\/de.tilta.com\/shop\/support-de-canne-a-peche-simple-15mm-top\/"},"modified":"2025-12-05T13:15:53","modified_gmt":"2025-12-05T12:15:53","slug":"15mm-top-single-rod-holder","status":"publish","type":"product","link":"https:\/\/eu.tilta.com\/fr\/shop\/15mm-top-single-rod-holder\/","title":{"rendered":"Support de canne \u00e0 p\u00eache simple 15mm Top"},"content":{"rendered":"<p>Ce support de tige unique de 15 mm se monte sur le dessus des demi-cages et des cages de cam\u00e9ra Tiltaing.<\/p>\n<p>Il vous permet de fixer une seule tige de 15 mm sur le dessus de votre appareil photo en fonction de la longueur pour attacher des accessoires \u00e0 tige comme les viseurs \u00e9lectroniques (EVF).<\/p>\n<p>La conception de ce support de canne \u00e0 p\u00eache en fait l&#8217;une des meilleures options l\u00e9g\u00e8res pour fixer une canne \u00e0 p\u00eache de 15 mm \u00e0 l&#8217;horizontale sur votre syst\u00e8me.<\/p>\n<p>Il s&#8217;agit donc de la solution id\u00e9ale pour monter des EVF sur des syst\u00e8mes d&#8217;appareils photo sans support EVF natif.<\/p>\n","protected":false},"excerpt":{"rendered":"<p>Ce support de tige unique de 15 mm se monte sur le dessus des demi-cages et des cages de cam\u00e9ra Tiltaing. Il vous permet de fixer une seule tige de 15 mm sur le dessus de votre appareil photo en [&hellip;]<\/p>\n","protected":false},"featured_media":0,"comment_status":"closed","ping_status":"closed","template":"","meta":[],"product_cat":[1713,1621,1757,1748,1732,1706,1623,1624,1782,1739,1631,1775,1728,1635,1745,1726,1636,1642,1644,1647,1768,1655,1661,1784,1765,1754,1752,1718,1710,1700,1703,1663,1668,1671,1694,1687,1691,2092],"product_tag":[],"acf":[],"gallery_images":[46358],"_links":{"self":[{"href":"https:\/\/eu.tilta.com\/fr\/wp-json\/wp\/v2\/product\/1997771"}],"collection":[{"href":"https:\/\/eu.tilta.com\/fr\/wp-json\/wp\/v2\/product"}],"about":[{"href":"https:\/\/eu.tilta.com\/fr\/wp-json\/wp\/v2\/types\/product"}],"replies":[{"embeddable":true,"href":"https:\/\/eu.tilta.com\/fr\/wp-json\/wp\/v2\/comments?post=1997771"}],"wp:attachment":[{"href":"https:\/\/eu.tilta.com\/fr\/wp-json\/wp\/v2\/media?parent=1997771"}],"wp:term":[{"taxonomy":"product_cat","embeddable":true,"href":"https:\/\/eu.tilta.com\/fr\/wp-json\/wp\/v2\/product_cat?post=1997771"},{"taxonomy":"product_tag","embeddable":true,"href":"https:\/\/eu.tilta.com\/fr\/wp-json\/wp\/v2\/product_tag?post=1997771"}],"curies":[{"name":"wp","href":"https:\/\/api.w.org\/{rel}","templated":true}]}}