{"id":1997813,"date":"2019-03-08T15:17:12","date_gmt":"2019-03-08T14:17:12","guid":{"rendered":"https:\/\/de.tilta.com\/shop\/disque-de-marquage-bague-de-mise-au-point-pour-ff-t05-follow-focus\/"},"modified":"2025-12-05T13:16:13","modified_gmt":"2025-12-05T12:16:13","slug":"marking-disk-focus-ring-for-ff-t05-follow-focus","status":"publish","type":"product","link":"https:\/\/eu.tilta.com\/fr\/shop\/marking-disk-focus-ring-for-ff-t05-follow-focus\/","title":{"rendered":"Disque de marquage Bague de mise au point pour FF-T05 Follow Focus"},"content":{"rendered":"<p>Ce disque de marquage du follow focus se fixe au Cine Follow Focus simple face (FF-T05) pour vous permettre de cr\u00e9er des marques personnalis\u00e9es pour des mises au point pr\u00e9cises.<\/p>\n","protected":false},"excerpt":{"rendered":"<p>Ce disque de marquage du follow focus se fixe au Cine Follow Focus simple face (FF-T05) pour vous permettre de cr\u00e9er des marques personnalis\u00e9es pour des mises au point pr\u00e9cises.<\/p>\n","protected":false},"featured_media":1997814,"comment_status":"closed","ping_status":"closed","template":"","meta":[],"product_cat":[2432],"product_tag":[],"acf":[],"gallery_images":[],"_links":{"self":[{"href":"https:\/\/eu.tilta.com\/fr\/wp-json\/wp\/v2\/product\/1997813"}],"collection":[{"href":"https:\/\/eu.tilta.com\/fr\/wp-json\/wp\/v2\/product"}],"about":[{"href":"https:\/\/eu.tilta.com\/fr\/wp-json\/wp\/v2\/types\/product"}],"replies":[{"embeddable":true,"href":"https:\/\/eu.tilta.com\/fr\/wp-json\/wp\/v2\/comments?post=1997813"}],"wp:featuredmedia":[{"embeddable":true,"href":"https:\/\/eu.tilta.com\/fr\/wp-json\/wp\/v2\/media\/1997814"}],"wp:attachment":[{"href":"https:\/\/eu.tilta.com\/fr\/wp-json\/wp\/v2\/media?parent=1997813"}],"wp:term":[{"taxonomy":"product_cat","embeddable":true,"href":"https:\/\/eu.tilta.com\/fr\/wp-json\/wp\/v2\/product_cat?post=1997813"},{"taxonomy":"product_tag","embeddable":true,"href":"https:\/\/eu.tilta.com\/fr\/wp-json\/wp\/v2\/product_tag?post=1997813"}],"curies":[{"name":"wp","href":"https:\/\/api.w.org\/{rel}","templated":true}]}}