{"id":1997825,"date":"2019-03-15T12:04:03","date_gmt":"2019-03-15T11:04:03","guid":{"rendered":"https:\/\/de.tilta.com\/shop\/cable-dalimentation-ptap-pour-bmpcc-4k-6k\/"},"modified":"2026-02-16T09:00:44","modified_gmt":"2026-02-16T08:00:44","slug":"p-tap-to-bmpcc4k-power-cable","status":"publish","type":"product","link":"https:\/\/eu.tilta.com\/fr\/shop\/p-tap-to-bmpcc4k-power-cable\/","title":{"rendered":"C\u00e2ble d&#8217;alimentation PTAP pour BMPCC 4K\/6K"},"content":{"rendered":"<p>Ce c\u00e2ble d&#8217;alimentation P-tap peut \u00eatre utilis\u00e9 pour augmenter l&#8217;autonomie de la batterie de votre cam\u00e9ra BMPCC 4K\/6K avec la vari\u00e9t\u00e9 de plaques de batterie et de plaques de base de batterie que nous proposons. L&#8217;extr\u00e9mit\u00e9 du P-tap se branche sur l&#8217;une des sorties P-tap des plaques de batterie et des plaques de base de la batterie, et l&#8217;autre extr\u00e9mit\u00e9 se branche sur le port d&#8217;entr\u00e9e d&#8217;alimentation du BMPCC 4K\/6K.<\/p>\n","protected":false},"excerpt":{"rendered":"<p>Ce c\u00e2ble d&#8217;alimentation P-tap peut \u00eatre utilis\u00e9 pour augmenter l&#8217;autonomie de la batterie de votre cam\u00e9ra BMPCC 4K\/6K avec la vari\u00e9t\u00e9 de plaques de batterie et de plaques de base de batterie que nous proposons. L&#8217;extr\u00e9mit\u00e9 du P-tap se branche [&hellip;]<\/p>\n","protected":false},"featured_media":0,"comment_status":"closed","ping_status":"closed","template":"","meta":[],"product_cat":[4448,1811,1713,1621,2447,2417,2200],"product_tag":[],"acf":[],"gallery_images":[46379,46388,46466,46467],"_links":{"self":[{"href":"https:\/\/eu.tilta.com\/fr\/wp-json\/wp\/v2\/product\/1997825"}],"collection":[{"href":"https:\/\/eu.tilta.com\/fr\/wp-json\/wp\/v2\/product"}],"about":[{"href":"https:\/\/eu.tilta.com\/fr\/wp-json\/wp\/v2\/types\/product"}],"replies":[{"embeddable":true,"href":"https:\/\/eu.tilta.com\/fr\/wp-json\/wp\/v2\/comments?post=1997825"}],"wp:attachment":[{"href":"https:\/\/eu.tilta.com\/fr\/wp-json\/wp\/v2\/media?parent=1997825"}],"wp:term":[{"taxonomy":"product_cat","embeddable":true,"href":"https:\/\/eu.tilta.com\/fr\/wp-json\/wp\/v2\/product_cat?post=1997825"},{"taxonomy":"product_tag","embeddable":true,"href":"https:\/\/eu.tilta.com\/fr\/wp-json\/wp\/v2\/product_tag?post=1997825"}],"curies":[{"name":"wp","href":"https:\/\/api.w.org\/{rel}","templated":true}]}}