{"id":1997836,"date":"2019-03-05T11:25:44","date_gmt":"2019-03-05T10:25:44","guid":{"rendered":"https:\/\/de.tilta.com\/shop\/plateau-de-filtre-4x5-65-pour-mb-t12\/"},"modified":"2026-02-16T09:00:44","modified_gmt":"2026-02-16T08:00:44","slug":"4x4-56-filter-tray-for-mb-t12","status":"publish","type":"product","link":"https:\/\/eu.tilta.com\/fr\/shop\/4x4-56-filter-tray-for-mb-t12\/","title":{"rendered":"Plateau de filtre 4&#215;5.65 pour MB-T12"},"content":{"rendered":"<p>Ce plateau de filtre 4&#215;5.65 est sp\u00e9cialement con\u00e7u pour la bo\u00eete de matage \u00e0 pince en fibre de carbone MB-T12.<\/p>\n","protected":false},"excerpt":{"rendered":"<p>Ce plateau de filtre 4&#215;5.65 est sp\u00e9cialement con\u00e7u pour la bo\u00eete de matage \u00e0 pince en fibre de carbone MB-T12.<\/p>\n","protected":false},"featured_media":1997837,"comment_status":"closed","ping_status":"closed","template":"","meta":[],"product_cat":[2129,2127],"product_tag":[],"acf":[],"gallery_images":[],"_links":{"self":[{"href":"https:\/\/eu.tilta.com\/fr\/wp-json\/wp\/v2\/product\/1997836"}],"collection":[{"href":"https:\/\/eu.tilta.com\/fr\/wp-json\/wp\/v2\/product"}],"about":[{"href":"https:\/\/eu.tilta.com\/fr\/wp-json\/wp\/v2\/types\/product"}],"replies":[{"embeddable":true,"href":"https:\/\/eu.tilta.com\/fr\/wp-json\/wp\/v2\/comments?post=1997836"}],"wp:featuredmedia":[{"embeddable":true,"href":"https:\/\/eu.tilta.com\/fr\/wp-json\/wp\/v2\/media\/1997837"}],"wp:attachment":[{"href":"https:\/\/eu.tilta.com\/fr\/wp-json\/wp\/v2\/media?parent=1997836"}],"wp:term":[{"taxonomy":"product_cat","embeddable":true,"href":"https:\/\/eu.tilta.com\/fr\/wp-json\/wp\/v2\/product_cat?post=1997836"},{"taxonomy":"product_tag","embeddable":true,"href":"https:\/\/eu.tilta.com\/fr\/wp-json\/wp\/v2\/product_tag?post=1997836"}],"curies":[{"name":"wp","href":"https:\/\/api.w.org\/{rel}","templated":true}]}}