{"id":1997842,"date":"2019-03-04T11:30:47","date_gmt":"2019-03-04T10:30:47","guid":{"rendered":"https:\/\/de.tilta.com\/shop\/drapeau-superieur-en-fibre-de-carbone-pour-mb-t12\/"},"modified":"2025-12-05T13:16:21","modified_gmt":"2025-12-05T12:16:21","slug":"carbon-fiber-top-flag-for-mb-t12","status":"publish","type":"product","link":"https:\/\/eu.tilta.com\/fr\/shop\/carbon-fiber-top-flag-for-mb-t12\/","title":{"rendered":"Drapeau sup\u00e9rieur en fibre de carbone pour MB-T12"},"content":{"rendered":"<p>Ce drapeau sup\u00e9rieur en fibre de carbone se fixe directement \u00e0 la bo\u00eete de matage \u00e0 pince en fibre de carbone 4.5.65 (MB-T12) pour couvrir les \u00e9clats de lumi\u00e8re. Il suffit de le glisser dans les encoches situ\u00e9es sur le dessus de la bo\u00eete mate, de l&#8217;ajuster \u00e0 l&#8217;angle d\u00e9sir\u00e9, puis de tourner les deux boutons de serrage pour le verrouiller.<\/p>\n","protected":false},"excerpt":{"rendered":"<p>Ce drapeau sup\u00e9rieur en fibre de carbone se fixe directement \u00e0 la bo\u00eete de matage \u00e0 pince en fibre de carbone 4.5.65 (MB-T12) pour couvrir les \u00e9clats de lumi\u00e8re. Il suffit de le glisser dans les encoches situ\u00e9es sur le [&hellip;]<\/p>\n","protected":false},"featured_media":1997843,"comment_status":"closed","ping_status":"closed","template":"","meta":[],"product_cat":[2129,2127],"product_tag":[],"acf":[],"gallery_images":[],"_links":{"self":[{"href":"https:\/\/eu.tilta.com\/fr\/wp-json\/wp\/v2\/product\/1997842"}],"collection":[{"href":"https:\/\/eu.tilta.com\/fr\/wp-json\/wp\/v2\/product"}],"about":[{"href":"https:\/\/eu.tilta.com\/fr\/wp-json\/wp\/v2\/types\/product"}],"replies":[{"embeddable":true,"href":"https:\/\/eu.tilta.com\/fr\/wp-json\/wp\/v2\/comments?post=1997842"}],"wp:featuredmedia":[{"embeddable":true,"href":"https:\/\/eu.tilta.com\/fr\/wp-json\/wp\/v2\/media\/1997843"}],"wp:attachment":[{"href":"https:\/\/eu.tilta.com\/fr\/wp-json\/wp\/v2\/media?parent=1997842"}],"wp:term":[{"taxonomy":"product_cat","embeddable":true,"href":"https:\/\/eu.tilta.com\/fr\/wp-json\/wp\/v2\/product_cat?post=1997842"},{"taxonomy":"product_tag","embeddable":true,"href":"https:\/\/eu.tilta.com\/fr\/wp-json\/wp\/v2\/product_tag?post=1997842"}],"curies":[{"name":"wp","href":"https:\/\/api.w.org\/{rel}","templated":true}]}}