{"id":1997860,"date":"2019-02-18T11:00:52","date_gmt":"2019-02-18T10:00:52","guid":{"rendered":"https:\/\/de.tilta.com\/shop\/cable-p-tap-vers-dc-male-5-0-3-0mm-pour-sony-fs7-et-fs5\/"},"modified":"2025-12-05T13:16:23","modified_gmt":"2025-12-05T12:16:23","slug":"p-tap-to-5-5-3-0mm-dc-male-cable-for-sony-fs5-fs7-panasonic-eva1-canon-c100-c100-mk-ii-c300-and-c500","status":"publish","type":"product","link":"https:\/\/eu.tilta.com\/fr\/shop\/p-tap-to-5-5-3-0mm-dc-male-cable-for-sony-fs5-fs7-panasonic-eva1-canon-c100-c100-mk-ii-c300-and-c500\/","title":{"rendered":"C\u00e2ble P-TAP vers DC m\u00e2le 5.0\/3.0mm pour Sony FS7 et FS5"},"content":{"rendered":"<p>Ce c\u00e2ble d&#8217;alimentation P-tap vers 5,0\/3,0 mm DC m\u00e2le a \u00e9t\u00e9 con\u00e7u pour \u00eatre utilis\u00e9 avec (mais pas exclusivement) la plaque de batterie universelle Tilta. Il vous permet d&#8217;alimenter les Sony FS7 et FS5 par l&#8217;interm\u00e9diaire d&#8217;un port d&#8217;alimentation P-tap.<\/p>\n","protected":false},"excerpt":{"rendered":"<p>Ce c\u00e2ble d&#8217;alimentation P-tap vers 5,0\/3,0 mm DC m\u00e2le a \u00e9t\u00e9 con\u00e7u pour \u00eatre utilis\u00e9 avec (mais pas exclusivement) la plaque de batterie universelle Tilta. Il vous permet d&#8217;alimenter les Sony FS7 et FS5 par l&#8217;interm\u00e9diaire d&#8217;un port d&#8217;alimentation P-tap.<\/p>\n","protected":false},"featured_media":1997864,"comment_status":"closed","ping_status":"closed","template":"","meta":[],"product_cat":[2200],"product_tag":[],"acf":[],"gallery_images":[],"_links":{"self":[{"href":"https:\/\/eu.tilta.com\/fr\/wp-json\/wp\/v2\/product\/1997860"}],"collection":[{"href":"https:\/\/eu.tilta.com\/fr\/wp-json\/wp\/v2\/product"}],"about":[{"href":"https:\/\/eu.tilta.com\/fr\/wp-json\/wp\/v2\/types\/product"}],"replies":[{"embeddable":true,"href":"https:\/\/eu.tilta.com\/fr\/wp-json\/wp\/v2\/comments?post=1997860"}],"wp:featuredmedia":[{"embeddable":true,"href":"https:\/\/eu.tilta.com\/fr\/wp-json\/wp\/v2\/media\/1997864"}],"wp:attachment":[{"href":"https:\/\/eu.tilta.com\/fr\/wp-json\/wp\/v2\/media?parent=1997860"}],"wp:term":[{"taxonomy":"product_cat","embeddable":true,"href":"https:\/\/eu.tilta.com\/fr\/wp-json\/wp\/v2\/product_cat?post=1997860"},{"taxonomy":"product_tag","embeddable":true,"href":"https:\/\/eu.tilta.com\/fr\/wp-json\/wp\/v2\/product_tag?post=1997860"}],"curies":[{"name":"wp","href":"https:\/\/api.w.org\/{rel}","templated":true}]}}