{"id":1997870,"date":"2019-02-13T12:16:33","date_gmt":"2019-02-13T11:16:33","guid":{"rendered":"https:\/\/de.tilta.com\/shop\/canon-lp-e6-dummy-battery-to-3-pin-fischer-cable-cable-fischer-a-3-broches\/"},"modified":"2026-02-16T09:00:45","modified_gmt":"2026-02-16T08:00:45","slug":"canon-lp-e6-dummy-battery-to-3-pin-fischer-cable","status":"publish","type":"product","link":"https:\/\/eu.tilta.com\/fr\/shop\/canon-lp-e6-dummy-battery-to-3-pin-fischer-cable\/","title":{"rendered":"Canon LP-E6 Dummy Battery to 3-pin Fischer Cable (C\u00e2ble Fischer \u00e0 3 broches)"},"content":{"rendered":"<p>Ce c\u00e2ble de batterie factice Canon LP-E6 \u00e0 3 broches Fischer a \u00e9t\u00e9 con\u00e7u pour \u00eatre utilis\u00e9 avec (mais pas exclusivement) la plaque de batterie universelle Tilta. Il vous permet d&#8217;alimenter les appareils photo qui utilisent des batteries Canon LP-E6 ainsi que les accessoires Canon LP-E6 via un port d&#8217;alimentation Fischer \u00e0 3 broches.<\/p>\n","protected":false},"excerpt":{"rendered":"<p>Ce c\u00e2ble de batterie factice Canon LP-E6 \u00e0 3 broches Fischer a \u00e9t\u00e9 con\u00e7u pour \u00eatre utilis\u00e9 avec (mais pas exclusivement) la plaque de batterie universelle Tilta. Il vous permet d&#8217;alimenter les appareils photo qui utilisent des batteries Canon LP-E6 [&hellip;]<\/p>\n","protected":false},"featured_media":1997874,"comment_status":"closed","ping_status":"closed","template":"","meta":[],"product_cat":[4448,2279,2418],"product_tag":[],"acf":[],"gallery_images":[],"_links":{"self":[{"href":"https:\/\/eu.tilta.com\/fr\/wp-json\/wp\/v2\/product\/1997870"}],"collection":[{"href":"https:\/\/eu.tilta.com\/fr\/wp-json\/wp\/v2\/product"}],"about":[{"href":"https:\/\/eu.tilta.com\/fr\/wp-json\/wp\/v2\/types\/product"}],"replies":[{"embeddable":true,"href":"https:\/\/eu.tilta.com\/fr\/wp-json\/wp\/v2\/comments?post=1997870"}],"wp:featuredmedia":[{"embeddable":true,"href":"https:\/\/eu.tilta.com\/fr\/wp-json\/wp\/v2\/media\/1997874"}],"wp:attachment":[{"href":"https:\/\/eu.tilta.com\/fr\/wp-json\/wp\/v2\/media?parent=1997870"}],"wp:term":[{"taxonomy":"product_cat","embeddable":true,"href":"https:\/\/eu.tilta.com\/fr\/wp-json\/wp\/v2\/product_cat?post=1997870"},{"taxonomy":"product_tag","embeddable":true,"href":"https:\/\/eu.tilta.com\/fr\/wp-json\/wp\/v2\/product_tag?post=1997870"}],"curies":[{"name":"wp","href":"https:\/\/api.w.org\/{rel}","templated":true}]}}