{"id":1997876,"date":"2019-02-13T12:57:30","date_gmt":"2019-02-13T11:57:30","guid":{"rendered":"https:\/\/de.tilta.com\/shop\/cable-dalimentation-entre-p-tap-et-canon-c200-c300-mk-ii\/"},"modified":"2026-02-16T09:00:45","modified_gmt":"2026-02-16T08:00:45","slug":"p-tap-to-canon-c200-c300-mk-ii-power-cable","status":"publish","type":"product","link":"https:\/\/eu.tilta.com\/fr\/shop\/p-tap-to-canon-c200-c300-mk-ii-power-cable\/","title":{"rendered":"C\u00e2ble d&#8217;alimentation entre P-TAP et Canon C200\/C300 MK II"},"content":{"rendered":"<p>Ce c\u00e2ble d&#8217;alimentation P-tap vers Canon C200\/C300 MK II a \u00e9t\u00e9 con\u00e7u pour \u00eatre utilis\u00e9 avec (mais pas exclusivement) la plaque de batterie universelle Tilta. Il vous permet d&#8217;alimenter les cam\u00e9ras Canon C200\/C300 MK II via leur port d&#8217;entr\u00e9e d&#8217;alimentation Lemo \u00e0 4 broches en attachant ce c\u00e2ble \u00e0 un port de sortie d&#8217;alimentation P-tap.<\/p>\n","protected":false},"excerpt":{"rendered":"<p>Ce c\u00e2ble d&#8217;alimentation P-tap vers Canon C200\/C300 MK II a \u00e9t\u00e9 con\u00e7u pour \u00eatre utilis\u00e9 avec (mais pas exclusivement) la plaque de batterie universelle Tilta. Il vous permet d&#8217;alimenter les cam\u00e9ras Canon C200\/C300 MK II via leur port d&#8217;entr\u00e9e d&#8217;alimentation [&hellip;]<\/p>\n","protected":false},"featured_media":1997881,"comment_status":"closed","ping_status":"closed","template":"","meta":[],"product_cat":[4448,2447,2417,2200],"product_tag":[],"acf":[],"gallery_images":[],"_links":{"self":[{"href":"https:\/\/eu.tilta.com\/fr\/wp-json\/wp\/v2\/product\/1997876"}],"collection":[{"href":"https:\/\/eu.tilta.com\/fr\/wp-json\/wp\/v2\/product"}],"about":[{"href":"https:\/\/eu.tilta.com\/fr\/wp-json\/wp\/v2\/types\/product"}],"replies":[{"embeddable":true,"href":"https:\/\/eu.tilta.com\/fr\/wp-json\/wp\/v2\/comments?post=1997876"}],"wp:featuredmedia":[{"embeddable":true,"href":"https:\/\/eu.tilta.com\/fr\/wp-json\/wp\/v2\/media\/1997881"}],"wp:attachment":[{"href":"https:\/\/eu.tilta.com\/fr\/wp-json\/wp\/v2\/media?parent=1997876"}],"wp:term":[{"taxonomy":"product_cat","embeddable":true,"href":"https:\/\/eu.tilta.com\/fr\/wp-json\/wp\/v2\/product_cat?post=1997876"},{"taxonomy":"product_tag","embeddable":true,"href":"https:\/\/eu.tilta.com\/fr\/wp-json\/wp\/v2\/product_tag?post=1997876"}],"curies":[{"name":"wp","href":"https:\/\/api.w.org\/{rel}","templated":true}]}}