{"id":1997900,"date":"2019-02-13T12:13:48","date_gmt":"2019-02-13T11:13:48","guid":{"rendered":"https:\/\/de.tilta.com\/shop\/cable-entre-la-batterie-factice-canon-lp-e6-et-le-p-tap\/"},"modified":"2025-12-05T13:16:45","modified_gmt":"2025-12-05T12:16:45","slug":"canon-lp-e6-dummy-battery-to-p-tap-cable","status":"publish","type":"product","link":"https:\/\/eu.tilta.com\/fr\/shop\/canon-lp-e6-dummy-battery-to-p-tap-cable\/","title":{"rendered":"C\u00e2ble entre la batterie factice Canon LP-E6 et le P-TAP"},"content":{"rendered":"<p>Ce c\u00e2ble de batterie factice Canon LP-E6 vers P-tap a \u00e9t\u00e9 con\u00e7u pour \u00eatre utilis\u00e9 avec (mais pas exclusivement) la plaque de batterie universelle Tilta. Il vous permet d&#8217;alimenter les appareils photo qui utilisent des batteries Canon LP-E6 ainsi que les accessoires Canon LP-E6 par l&#8217;interm\u00e9diaire d&#8217;un port d&#8217;alimentation P-tap.<\/p>\n","protected":false},"excerpt":{"rendered":"<p>Ce c\u00e2ble de batterie factice Canon LP-E6 vers P-tap a \u00e9t\u00e9 con\u00e7u pour \u00eatre utilis\u00e9 avec (mais pas exclusivement) la plaque de batterie universelle Tilta. Il vous permet d&#8217;alimenter les appareils photo qui utilisent des batteries Canon LP-E6 ainsi que [&hellip;]<\/p>\n","protected":false},"featured_media":1997903,"comment_status":"closed","ping_status":"closed","template":"","meta":[],"product_cat":[2447,2417,2279],"product_tag":[],"acf":[],"gallery_images":[1997904],"_links":{"self":[{"href":"https:\/\/eu.tilta.com\/fr\/wp-json\/wp\/v2\/product\/1997900"}],"collection":[{"href":"https:\/\/eu.tilta.com\/fr\/wp-json\/wp\/v2\/product"}],"about":[{"href":"https:\/\/eu.tilta.com\/fr\/wp-json\/wp\/v2\/types\/product"}],"replies":[{"embeddable":true,"href":"https:\/\/eu.tilta.com\/fr\/wp-json\/wp\/v2\/comments?post=1997900"}],"wp:featuredmedia":[{"embeddable":true,"href":"https:\/\/eu.tilta.com\/fr\/wp-json\/wp\/v2\/media\/1997903"}],"wp:attachment":[{"href":"https:\/\/eu.tilta.com\/fr\/wp-json\/wp\/v2\/media?parent=1997900"}],"wp:term":[{"taxonomy":"product_cat","embeddable":true,"href":"https:\/\/eu.tilta.com\/fr\/wp-json\/wp\/v2\/product_cat?post=1997900"},{"taxonomy":"product_tag","embeddable":true,"href":"https:\/\/eu.tilta.com\/fr\/wp-json\/wp\/v2\/product_tag?post=1997900"}],"curies":[{"name":"wp","href":"https:\/\/api.w.org\/{rel}","templated":true}]}}