{"id":1997907,"date":"2019-02-13T12:52:28","date_gmt":"2019-02-13T11:52:28","guid":{"rendered":"https:\/\/de.tilta.com\/shop\/cable-dalimentation-p-tap-vers-red-dsmc2\/"},"modified":"2026-02-16T09:00:46","modified_gmt":"2026-02-16T08:00:46","slug":"p-tap-to-red-dsmc2-power-cable-2","status":"publish","type":"product","link":"https:\/\/eu.tilta.com\/fr\/shop\/p-tap-to-red-dsmc2-power-cable-2\/","title":{"rendered":"C\u00e2ble d&#8217;alimentation P-TAP vers RED DSMC2"},"content":{"rendered":"<p>Ce c\u00e2ble d&#8217;alimentation P-tap vers RED DSMC2 a \u00e9t\u00e9 con\u00e7u pour \u00eatre utilis\u00e9 avec (mais pas exclusivement) la plaque de batterie universelle Tilta. Il vous permet d&#8217;alimenter les cam\u00e9ras RED DSMC2 via le port d&#8217;entr\u00e9e d&#8217;alimentation Lemo 4+2 broches en attachant ce c\u00e2ble \u00e0 un port de sortie d&#8217;alimentation P-tap.<\/p>\n","protected":false},"excerpt":{"rendered":"<p>Ce c\u00e2ble d&#8217;alimentation P-tap vers RED DSMC2 a \u00e9t\u00e9 con\u00e7u pour \u00eatre utilis\u00e9 avec (mais pas exclusivement) la plaque de batterie universelle Tilta. Il vous permet d&#8217;alimenter les cam\u00e9ras RED DSMC2 via le port d&#8217;entr\u00e9e d&#8217;alimentation Lemo 4+2 broches en [&hellip;]<\/p>\n","protected":false},"featured_media":1997908,"comment_status":"closed","ping_status":"closed","template":"","meta":[],"product_cat":[4448,2447,2417,2200],"product_tag":[],"acf":[],"gallery_images":[10895],"_links":{"self":[{"href":"https:\/\/eu.tilta.com\/fr\/wp-json\/wp\/v2\/product\/1997907"}],"collection":[{"href":"https:\/\/eu.tilta.com\/fr\/wp-json\/wp\/v2\/product"}],"about":[{"href":"https:\/\/eu.tilta.com\/fr\/wp-json\/wp\/v2\/types\/product"}],"replies":[{"embeddable":true,"href":"https:\/\/eu.tilta.com\/fr\/wp-json\/wp\/v2\/comments?post=1997907"}],"wp:featuredmedia":[{"embeddable":true,"href":"https:\/\/eu.tilta.com\/fr\/wp-json\/wp\/v2\/media\/1997908"}],"wp:attachment":[{"href":"https:\/\/eu.tilta.com\/fr\/wp-json\/wp\/v2\/media?parent=1997907"}],"wp:term":[{"taxonomy":"product_cat","embeddable":true,"href":"https:\/\/eu.tilta.com\/fr\/wp-json\/wp\/v2\/product_cat?post=1997907"},{"taxonomy":"product_tag","embeddable":true,"href":"https:\/\/eu.tilta.com\/fr\/wp-json\/wp\/v2\/product_tag?post=1997907"}],"curies":[{"name":"wp","href":"https:\/\/api.w.org\/{rel}","templated":true}]}}