{"id":1997911,"date":"2019-02-12T18:38:49","date_gmt":"2019-02-12T17:38:49","guid":{"rendered":"https:\/\/de.tilta.com\/shop\/adaptateur-de-tige-lws-15mm-pour-plaque-de-batterie-universelle\/"},"modified":"2025-12-05T13:16:47","modified_gmt":"2025-12-05T12:16:47","slug":"tilta-universal-battery-plate-15mm-rod-adapter-for-replacement","status":"publish","type":"product","link":"https:\/\/eu.tilta.com\/fr\/shop\/tilta-universal-battery-plate-15mm-rod-adapter-for-replacement\/","title":{"rendered":"Adaptateur de tige LWS 15mm pour plaque de batterie universelle"},"content":{"rendered":"<p>Cet adaptateur de tige LWS de 15 mm vous permet de fixer la plaque de batterie universelle \u00e0 des tiges LWS de 15 mm. L&#8217;adaptateur peut \u00eatre fix\u00e9 en haut ou en bas de la plaque de batterie universelle pour une vari\u00e9t\u00e9 de configurations de montage.<\/p>\n","protected":false},"excerpt":{"rendered":"<p>Cet adaptateur de tige LWS de 15 mm vous permet de fixer la plaque de batterie universelle \u00e0 des tiges LWS de 15 mm. L&#8217;adaptateur peut \u00eatre fix\u00e9 en haut ou en bas de la plaque de batterie universelle pour [&hellip;]<\/p>\n","protected":false},"featured_media":0,"comment_status":"closed","ping_status":"closed","template":"","meta":[],"product_cat":[2449],"product_tag":[],"acf":[],"gallery_images":[11568],"_links":{"self":[{"href":"https:\/\/eu.tilta.com\/fr\/wp-json\/wp\/v2\/product\/1997911"}],"collection":[{"href":"https:\/\/eu.tilta.com\/fr\/wp-json\/wp\/v2\/product"}],"about":[{"href":"https:\/\/eu.tilta.com\/fr\/wp-json\/wp\/v2\/types\/product"}],"replies":[{"embeddable":true,"href":"https:\/\/eu.tilta.com\/fr\/wp-json\/wp\/v2\/comments?post=1997911"}],"wp:attachment":[{"href":"https:\/\/eu.tilta.com\/fr\/wp-json\/wp\/v2\/media?parent=1997911"}],"wp:term":[{"taxonomy":"product_cat","embeddable":true,"href":"https:\/\/eu.tilta.com\/fr\/wp-json\/wp\/v2\/product_cat?post=1997911"},{"taxonomy":"product_tag","embeddable":true,"href":"https:\/\/eu.tilta.com\/fr\/wp-json\/wp\/v2\/product_tag?post=1997911"}],"curies":[{"name":"wp","href":"https:\/\/api.w.org\/{rel}","templated":true}]}}