{"id":1997947,"date":"2019-01-18T10:51:43","date_gmt":"2019-01-18T09:51:43","guid":{"rendered":"https:\/\/de.tilta.com\/shop\/cable-p-tap-vers-55-21-mm-dc-male\/"},"modified":"2025-12-05T13:16:51","modified_gmt":"2025-12-05T12:16:51","slug":"p-tap-to-5-5-2-1mm-dc-male-cable","status":"publish","type":"product","link":"https:\/\/eu.tilta.com\/fr\/shop\/p-tap-to-5-5-2-1mm-dc-male-cable\/","title":{"rendered":"C\u00e2ble P-TAP vers 5,5\/2,1 mm DC m\u00e2le"},"content":{"rendered":"<p>Ce c\u00e2ble d&#8217;alimentation P-tap vers 5,5 mm x 2,1 mm DC m\u00e2le vous permet d&#8217;alimenter des accessoires \u00e0 base de courant continu via un port d&#8217;alimentation P-tap sur votre appareil photo. Vous n&#8217;avez donc pas besoin d&#8217;utiliser des piles suppl\u00e9mentaires pour alimenter vos accessoires, mais plut\u00f4t d&#8217;utiliser l&#8217;alimentation principale qui alimente \u00e9galement votre appareil photo, ce qui permet de conserver un format r\u00e9duit pour votre appareil photo.<\/p>\n","protected":false},"excerpt":{"rendered":"<p>Ce c\u00e2ble d&#8217;alimentation P-tap vers 5,5 mm x 2,1 mm DC m\u00e2le vous permet d&#8217;alimenter des accessoires \u00e0 base de courant continu via un port d&#8217;alimentation P-tap sur votre appareil photo. Vous n&#8217;avez donc pas besoin d&#8217;utiliser des piles suppl\u00e9mentaires [&hellip;]<\/p>\n","protected":false},"featured_media":1997954,"comment_status":"closed","ping_status":"closed","template":"","meta":[],"product_cat":[2200],"product_tag":[],"acf":[],"gallery_images":[1997955],"_links":{"self":[{"href":"https:\/\/eu.tilta.com\/fr\/wp-json\/wp\/v2\/product\/1997947"}],"collection":[{"href":"https:\/\/eu.tilta.com\/fr\/wp-json\/wp\/v2\/product"}],"about":[{"href":"https:\/\/eu.tilta.com\/fr\/wp-json\/wp\/v2\/types\/product"}],"replies":[{"embeddable":true,"href":"https:\/\/eu.tilta.com\/fr\/wp-json\/wp\/v2\/comments?post=1997947"}],"wp:featuredmedia":[{"embeddable":true,"href":"https:\/\/eu.tilta.com\/fr\/wp-json\/wp\/v2\/media\/1997954"}],"wp:attachment":[{"href":"https:\/\/eu.tilta.com\/fr\/wp-json\/wp\/v2\/media?parent=1997947"}],"wp:term":[{"taxonomy":"product_cat","embeddable":true,"href":"https:\/\/eu.tilta.com\/fr\/wp-json\/wp\/v2\/product_cat?post=1997947"},{"taxonomy":"product_tag","embeddable":true,"href":"https:\/\/eu.tilta.com\/fr\/wp-json\/wp\/v2\/product_tag?post=1997947"}],"curies":[{"name":"wp","href":"https:\/\/api.w.org\/{rel}","templated":true}]}}