{"id":1997978,"date":"2019-01-25T18:06:53","date_gmt":"2019-01-25T17:06:53","guid":{"rendered":"https:\/\/de.tilta.com\/shop\/poignees-laterales-professionnelles-avec-poignees-en-mousse-paire\/"},"modified":"2025-12-05T13:17:03","modified_gmt":"2025-12-05T12:17:03","slug":"professional-handgrips-side-arms-pair","status":"publish","type":"product","link":"https:\/\/eu.tilta.com\/fr\/shop\/professional-handgrips-side-arms-pair\/","title":{"rendered":"Poign\u00e9es lat\u00e9rales professionnelles avec poign\u00e9es en mousse (paire)"},"content":{"rendered":"<p>Cette paire de poign\u00e9es est \u00e9quip\u00e9e de raccords de rosette standard Arri et peut donc \u00eatre fix\u00e9e \u00e0 n&#8217;importe quelle rosette compatible. Les bras r\u00e9glables et extensibles vous permettent d&#8217;ajuster l&#8217;angle et la longueur des poign\u00e9es pour un confort d&#8217;utilisation maximal.<\/p>\n","protected":false},"excerpt":{"rendered":"<p>Cette paire de poign\u00e9es est \u00e9quip\u00e9e de raccords de rosette standard Arri et peut donc \u00eatre fix\u00e9e \u00e0 n&#8217;importe quelle rosette compatible. Les bras r\u00e9glables et extensibles vous permettent d&#8217;ajuster l&#8217;angle et la longueur des poign\u00e9es pour un confort d&#8217;utilisation [&hellip;]<\/p>\n","protected":false},"featured_media":1997981,"comment_status":"closed","ping_status":"closed","template":"","meta":[],"product_cat":[3233,2301],"product_tag":[],"acf":[],"gallery_images":[],"_links":{"self":[{"href":"https:\/\/eu.tilta.com\/fr\/wp-json\/wp\/v2\/product\/1997978"}],"collection":[{"href":"https:\/\/eu.tilta.com\/fr\/wp-json\/wp\/v2\/product"}],"about":[{"href":"https:\/\/eu.tilta.com\/fr\/wp-json\/wp\/v2\/types\/product"}],"replies":[{"embeddable":true,"href":"https:\/\/eu.tilta.com\/fr\/wp-json\/wp\/v2\/comments?post=1997978"}],"wp:featuredmedia":[{"embeddable":true,"href":"https:\/\/eu.tilta.com\/fr\/wp-json\/wp\/v2\/media\/1997981"}],"wp:attachment":[{"href":"https:\/\/eu.tilta.com\/fr\/wp-json\/wp\/v2\/media?parent=1997978"}],"wp:term":[{"taxonomy":"product_cat","embeddable":true,"href":"https:\/\/eu.tilta.com\/fr\/wp-json\/wp\/v2\/product_cat?post=1997978"},{"taxonomy":"product_tag","embeddable":true,"href":"https:\/\/eu.tilta.com\/fr\/wp-json\/wp\/v2\/product_tag?post=1997978"}],"curies":[{"name":"wp","href":"https:\/\/api.w.org\/{rel}","templated":true}]}}