{"id":1998010,"date":"2019-01-21T14:54:36","date_gmt":"2019-01-21T13:54:36","guid":{"rendered":"https:\/\/de.tilta.com\/shop\/adaptateur-de-tige-lws-15mm-pour-boite-a-matte-mb-t12\/"},"modified":"2026-03-25T16:42:59","modified_gmt":"2026-03-25T15:42:59","slug":"15mm-lws-rod-adapter-for-mb-t12-matte-box","status":"publish","type":"product","link":"https:\/\/eu.tilta.com\/fr\/shop\/15mm-lws-rod-adapter-for-mb-t12-matte-box\/","title":{"rendered":"Adaptateur de tige LWS 15mm pour bo\u00eete \u00e0 matte MB-T12"},"content":{"rendered":"<p>Cet adaptateur de tige LWS 15mm vous permet d&#8217;attacher votre MB-T12 4&#215;5.65 Carbon Fiber Matte Box (Clamp-on) \u00e0 un syst\u00e8me de tige LWS 15mm afin d&#8217;ajouter une s\u00e9curit\u00e9 suppl\u00e9mentaire \u00e0 la fa\u00e7on dont la matte box est mont\u00e9e.<\/p>\n<p>Inclus dans la bo\u00eete MB-T12 matte.<\/p>\n","protected":false},"excerpt":{"rendered":"<p>Cet adaptateur de tige LWS 15mm vous permet d&#8217;attacher votre MB-T12 4&#215;5.65 Carbon Fiber Matte Box (Clamp-on) \u00e0 un syst\u00e8me de tige LWS 15mm afin d&#8217;ajouter une s\u00e9curit\u00e9 suppl\u00e9mentaire \u00e0 la fa\u00e7on dont la matte box est mont\u00e9e. Inclus dans [&hellip;]<\/p>\n","protected":false},"featured_media":1998011,"comment_status":"closed","ping_status":"closed","template":"","meta":[],"product_cat":[4448,2129,2127,2092],"product_tag":[2472],"acf":[],"gallery_images":[],"_links":{"self":[{"href":"https:\/\/eu.tilta.com\/fr\/wp-json\/wp\/v2\/product\/1998010"}],"collection":[{"href":"https:\/\/eu.tilta.com\/fr\/wp-json\/wp\/v2\/product"}],"about":[{"href":"https:\/\/eu.tilta.com\/fr\/wp-json\/wp\/v2\/types\/product"}],"replies":[{"embeddable":true,"href":"https:\/\/eu.tilta.com\/fr\/wp-json\/wp\/v2\/comments?post=1998010"}],"wp:featuredmedia":[{"embeddable":true,"href":"https:\/\/eu.tilta.com\/fr\/wp-json\/wp\/v2\/media\/1998011"}],"wp:attachment":[{"href":"https:\/\/eu.tilta.com\/fr\/wp-json\/wp\/v2\/media?parent=1998010"}],"wp:term":[{"taxonomy":"product_cat","embeddable":true,"href":"https:\/\/eu.tilta.com\/fr\/wp-json\/wp\/v2\/product_cat?post=1998010"},{"taxonomy":"product_tag","embeddable":true,"href":"https:\/\/eu.tilta.com\/fr\/wp-json\/wp\/v2\/product_tag?post=1998010"}],"curies":[{"name":"wp","href":"https:\/\/api.w.org\/{rel}","templated":true}]}}