{"id":1998020,"date":"2019-01-07T15:43:38","date_gmt":"2019-01-07T14:43:38","guid":{"rendered":"https:\/\/de.tilta.com\/shop\/cable-p-tap-vers-lemo-4-broches\/"},"modified":"2025-12-05T13:17:05","modified_gmt":"2025-12-05T12:17:05","slug":"p-tap-to-4-pin-lemo-cable","status":"publish","type":"product","link":"https:\/\/eu.tilta.com\/fr\/shop\/p-tap-to-4-pin-lemo-cable\/","title":{"rendered":"C\u00e2ble P-TAP vers Lemo 4 broches"},"content":{"rendered":"<p>Ce c\u00e2ble d&#8217;alimentation P-tap vers Lemo 4 broches vous permet d&#8217;alimenter des accessoires Lemo 4 broches via un port d&#8217;alimentation P-tap sur votre appareil photo. Vous n&#8217;avez donc pas besoin d&#8217;utiliser des piles suppl\u00e9mentaires pour alimenter vos accessoires, mais plut\u00f4t d&#8217;utiliser l&#8217;alimentation principale qui alimente \u00e9galement votre appareil photo, ce qui permet de conserver un format r\u00e9duit pour votre appareil photo.<\/p>\n","protected":false},"excerpt":{"rendered":"<p>Ce c\u00e2ble d&#8217;alimentation P-tap vers Lemo 4 broches vous permet d&#8217;alimenter des accessoires Lemo 4 broches via un port d&#8217;alimentation P-tap sur votre appareil photo. Vous n&#8217;avez donc pas besoin d&#8217;utiliser des piles suppl\u00e9mentaires pour alimenter vos accessoires, mais plut\u00f4t [&hellip;]<\/p>\n","protected":false},"featured_media":1998027,"comment_status":"closed","ping_status":"closed","template":"","meta":[],"product_cat":[2200],"product_tag":[],"acf":[],"gallery_images":[10899],"_links":{"self":[{"href":"https:\/\/eu.tilta.com\/fr\/wp-json\/wp\/v2\/product\/1998020"}],"collection":[{"href":"https:\/\/eu.tilta.com\/fr\/wp-json\/wp\/v2\/product"}],"about":[{"href":"https:\/\/eu.tilta.com\/fr\/wp-json\/wp\/v2\/types\/product"}],"replies":[{"embeddable":true,"href":"https:\/\/eu.tilta.com\/fr\/wp-json\/wp\/v2\/comments?post=1998020"}],"wp:featuredmedia":[{"embeddable":true,"href":"https:\/\/eu.tilta.com\/fr\/wp-json\/wp\/v2\/media\/1998027"}],"wp:attachment":[{"href":"https:\/\/eu.tilta.com\/fr\/wp-json\/wp\/v2\/media?parent=1998020"}],"wp:term":[{"taxonomy":"product_cat","embeddable":true,"href":"https:\/\/eu.tilta.com\/fr\/wp-json\/wp\/v2\/product_cat?post=1998020"},{"taxonomy":"product_tag","embeddable":true,"href":"https:\/\/eu.tilta.com\/fr\/wp-json\/wp\/v2\/product_tag?post=1998020"}],"curies":[{"name":"wp","href":"https:\/\/api.w.org\/{rel}","templated":true}]}}