{"id":1998030,"date":"2019-01-17T10:29:17","date_gmt":"2019-01-17T09:29:17","guid":{"rendered":"https:\/\/de.tilta.com\/shop\/cable-lemo-2-broches-vers-lemo-2-broches\/"},"modified":"2025-12-05T13:17:06","modified_gmt":"2025-12-05T12:17:06","slug":"2-pin-to-2-pin-lemo-cable","status":"publish","type":"product","link":"https:\/\/eu.tilta.com\/fr\/shop\/2-pin-to-2-pin-lemo-cable\/","title":{"rendered":"C\u00e2ble Lemo 2 broches vers Lemo 2 broches"},"content":{"rendered":"<p>Ce c\u00e2ble d&#8217;alimentation 2 broches Lemo vers 2 broches Lemo vous permet d&#8217;alimenter des accessoires \u00e0 base de Lemo 2 broches via un port d&#8217;alimentation Lemo 2 broches sur votre appareil photo.<\/p>\n","protected":false},"excerpt":{"rendered":"<p>Ce c\u00e2ble d&#8217;alimentation 2 broches Lemo vers 2 broches Lemo vous permet d&#8217;alimenter des accessoires \u00e0 base de Lemo 2 broches via un port d&#8217;alimentation Lemo 2 broches sur votre appareil photo.<\/p>\n","protected":false},"featured_media":1998038,"comment_status":"closed","ping_status":"closed","template":"","meta":[],"product_cat":[2200],"product_tag":[],"acf":[],"gallery_images":[10877],"_links":{"self":[{"href":"https:\/\/eu.tilta.com\/fr\/wp-json\/wp\/v2\/product\/1998030"}],"collection":[{"href":"https:\/\/eu.tilta.com\/fr\/wp-json\/wp\/v2\/product"}],"about":[{"href":"https:\/\/eu.tilta.com\/fr\/wp-json\/wp\/v2\/types\/product"}],"replies":[{"embeddable":true,"href":"https:\/\/eu.tilta.com\/fr\/wp-json\/wp\/v2\/comments?post=1998030"}],"wp:featuredmedia":[{"embeddable":true,"href":"https:\/\/eu.tilta.com\/fr\/wp-json\/wp\/v2\/media\/1998038"}],"wp:attachment":[{"href":"https:\/\/eu.tilta.com\/fr\/wp-json\/wp\/v2\/media?parent=1998030"}],"wp:term":[{"taxonomy":"product_cat","embeddable":true,"href":"https:\/\/eu.tilta.com\/fr\/wp-json\/wp\/v2\/product_cat?post=1998030"},{"taxonomy":"product_tag","embeddable":true,"href":"https:\/\/eu.tilta.com\/fr\/wp-json\/wp\/v2\/product_tag?post=1998030"}],"curies":[{"name":"wp","href":"https:\/\/api.w.org\/{rel}","templated":true}]}}