{"id":1998076,"date":"2019-01-07T15:46:03","date_gmt":"2019-01-07T14:46:03","guid":{"rendered":"https:\/\/de.tilta.com\/shop\/cable-p-tap-vers-55-25-mm-dc-male\/"},"modified":"2025-12-05T13:17:08","modified_gmt":"2025-12-05T12:17:08","slug":"p-tap-to-5-5-2-5mm-dc-male-cable","status":"publish","type":"product","link":"https:\/\/eu.tilta.com\/fr\/shop\/p-tap-to-5-5-2-5mm-dc-male-cable\/","title":{"rendered":"C\u00e2ble P-TAP vers 5,5\/2,5 mm DC m\u00e2le"},"content":{"rendered":"<p>Ce c\u00e2ble d&#8217;alimentation P-tap vers 5,5\/2,5 mm DC m\u00e2le a \u00e9t\u00e9 con\u00e7u pour \u00eatre utilis\u00e9 avec (mais pas exclusivement) la plaque de batterie universelle Tilta. Il vous permet d&#8217;alimenter des accessoires \u00e0 courant continu par l&#8217;interm\u00e9diaire d&#8217;un port d&#8217;alimentation P-tap.<\/p>\n","protected":false},"excerpt":{"rendered":"<p>Ce c\u00e2ble d&#8217;alimentation P-tap vers 5,5\/2,5 mm DC m\u00e2le a \u00e9t\u00e9 con\u00e7u pour \u00eatre utilis\u00e9 avec (mais pas exclusivement) la plaque de batterie universelle Tilta. Il vous permet d&#8217;alimenter des accessoires \u00e0 courant continu par l&#8217;interm\u00e9diaire d&#8217;un port d&#8217;alimentation P-tap.<\/p>\n","protected":false},"featured_media":1998082,"comment_status":"closed","ping_status":"closed","template":"","meta":[],"product_cat":[2200],"product_tag":[],"acf":[],"gallery_images":[1998083],"_links":{"self":[{"href":"https:\/\/eu.tilta.com\/fr\/wp-json\/wp\/v2\/product\/1998076"}],"collection":[{"href":"https:\/\/eu.tilta.com\/fr\/wp-json\/wp\/v2\/product"}],"about":[{"href":"https:\/\/eu.tilta.com\/fr\/wp-json\/wp\/v2\/types\/product"}],"replies":[{"embeddable":true,"href":"https:\/\/eu.tilta.com\/fr\/wp-json\/wp\/v2\/comments?post=1998076"}],"wp:featuredmedia":[{"embeddable":true,"href":"https:\/\/eu.tilta.com\/fr\/wp-json\/wp\/v2\/media\/1998082"}],"wp:attachment":[{"href":"https:\/\/eu.tilta.com\/fr\/wp-json\/wp\/v2\/media?parent=1998076"}],"wp:term":[{"taxonomy":"product_cat","embeddable":true,"href":"https:\/\/eu.tilta.com\/fr\/wp-json\/wp\/v2\/product_cat?post=1998076"},{"taxonomy":"product_tag","embeddable":true,"href":"https:\/\/eu.tilta.com\/fr\/wp-json\/wp\/v2\/product_tag?post=1998076"}],"curies":[{"name":"wp","href":"https:\/\/api.w.org\/{rel}","templated":true}]}}