{"id":1998081,"date":"2019-01-17T10:38:31","date_gmt":"2019-01-17T09:38:31","guid":{"rendered":"https:\/\/de.tilta.com\/shop\/cable-lemo-2-broches-vers-fischer-3-broches\/"},"modified":"2025-12-05T13:17:10","modified_gmt":"2025-12-05T12:17:10","slug":"2-pin-lemo-to-3-pin-fischer-cable","status":"publish","type":"product","link":"https:\/\/eu.tilta.com\/fr\/shop\/2-pin-lemo-to-3-pin-fischer-cable\/","title":{"rendered":"C\u00e2ble Lemo 2 broches vers Fischer 3 broches"},"content":{"rendered":"<p>Ce c\u00e2ble d&#8217;alimentation Lemo 2 broches vers Fischer 3 broches vous permet d&#8217;alimenter des accessoires Lemo 2 broches via un port d&#8217;alimentation Fischer 3 broches sur votre appareil photo. Vous n&#8217;avez donc pas besoin d&#8217;utiliser des piles suppl\u00e9mentaires pour alimenter vos accessoires, mais plut\u00f4t d&#8217;utiliser l&#8217;alimentation principale qui alimente \u00e9galement votre appareil photo, ce qui permet de conserver un format r\u00e9duit pour votre appareil photo.<\/p>\n","protected":false},"excerpt":{"rendered":"<p>Ce c\u00e2ble d&#8217;alimentation Lemo 2 broches vers Fischer 3 broches vous permet d&#8217;alimenter des accessoires Lemo 2 broches via un port d&#8217;alimentation Fischer 3 broches sur votre appareil photo. Vous n&#8217;avez donc pas besoin d&#8217;utiliser des piles suppl\u00e9mentaires pour alimenter [&hellip;]<\/p>\n","protected":false},"featured_media":1998090,"comment_status":"closed","ping_status":"closed","template":"","meta":[],"product_cat":[2200],"product_tag":[],"acf":[],"gallery_images":[10874],"_links":{"self":[{"href":"https:\/\/eu.tilta.com\/fr\/wp-json\/wp\/v2\/product\/1998081"}],"collection":[{"href":"https:\/\/eu.tilta.com\/fr\/wp-json\/wp\/v2\/product"}],"about":[{"href":"https:\/\/eu.tilta.com\/fr\/wp-json\/wp\/v2\/types\/product"}],"replies":[{"embeddable":true,"href":"https:\/\/eu.tilta.com\/fr\/wp-json\/wp\/v2\/comments?post=1998081"}],"wp:featuredmedia":[{"embeddable":true,"href":"https:\/\/eu.tilta.com\/fr\/wp-json\/wp\/v2\/media\/1998090"}],"wp:attachment":[{"href":"https:\/\/eu.tilta.com\/fr\/wp-json\/wp\/v2\/media?parent=1998081"}],"wp:term":[{"taxonomy":"product_cat","embeddable":true,"href":"https:\/\/eu.tilta.com\/fr\/wp-json\/wp\/v2\/product_cat?post=1998081"},{"taxonomy":"product_tag","embeddable":true,"href":"https:\/\/eu.tilta.com\/fr\/wp-json\/wp\/v2\/product_tag?post=1998081"}],"curies":[{"name":"wp","href":"https:\/\/api.w.org\/{rel}","templated":true}]}}