{"id":1998162,"date":"2019-01-04T16:38:45","date_gmt":"2019-01-04T15:38:45","guid":{"rendered":"https:\/\/de.tilta.com\/shop\/cable-lemo-2-broches-vers-55-25-mm-dc-male\/"},"modified":"2025-12-05T13:17:14","modified_gmt":"2025-12-05T12:17:14","slug":"2-pin-lemo-to-5-5-2-5mm-dc-male-cable","status":"publish","type":"product","link":"https:\/\/eu.tilta.com\/fr\/shop\/2-pin-lemo-to-5-5-2-5mm-dc-male-cable\/","title":{"rendered":"C\u00e2ble Lemo 2 broches vers 5,5\/2,5 mm DC m\u00e2le"},"content":{"rendered":"<p>Ce c\u00e2ble d&#8217;alimentation Lemo 2 broches vers 5,5 mm x 2,5 mm DC m\u00e2le vous permet d&#8217;alimenter des accessoires \u00e0 base de courant continu via un port d&#8217;alimentation Lemo 2 broches sur votre appareil photo. Vous n&#8217;avez donc pas besoin d&#8217;utiliser des piles suppl\u00e9mentaires pour alimenter vos accessoires, mais plut\u00f4t d&#8217;utiliser l&#8217;alimentation principale qui alimente \u00e9galement votre appareil photo, ce qui permet de conserver un format r\u00e9duit pour votre appareil photo.<\/p>\n","protected":false},"excerpt":{"rendered":"<p>Ce c\u00e2ble d&#8217;alimentation Lemo 2 broches vers 5,5 mm x 2,5 mm DC m\u00e2le vous permet d&#8217;alimenter des accessoires \u00e0 base de courant continu via un port d&#8217;alimentation Lemo 2 broches sur votre appareil photo. Vous n&#8217;avez donc pas besoin [&hellip;]<\/p>\n","protected":false},"featured_media":1998168,"comment_status":"closed","ping_status":"closed","template":"","meta":[],"product_cat":[2200],"product_tag":[],"acf":[],"gallery_images":[10881],"_links":{"self":[{"href":"https:\/\/eu.tilta.com\/fr\/wp-json\/wp\/v2\/product\/1998162"}],"collection":[{"href":"https:\/\/eu.tilta.com\/fr\/wp-json\/wp\/v2\/product"}],"about":[{"href":"https:\/\/eu.tilta.com\/fr\/wp-json\/wp\/v2\/types\/product"}],"replies":[{"embeddable":true,"href":"https:\/\/eu.tilta.com\/fr\/wp-json\/wp\/v2\/comments?post=1998162"}],"wp:featuredmedia":[{"embeddable":true,"href":"https:\/\/eu.tilta.com\/fr\/wp-json\/wp\/v2\/media\/1998168"}],"wp:attachment":[{"href":"https:\/\/eu.tilta.com\/fr\/wp-json\/wp\/v2\/media?parent=1998162"}],"wp:term":[{"taxonomy":"product_cat","embeddable":true,"href":"https:\/\/eu.tilta.com\/fr\/wp-json\/wp\/v2\/product_cat?post=1998162"},{"taxonomy":"product_tag","embeddable":true,"href":"https:\/\/eu.tilta.com\/fr\/wp-json\/wp\/v2\/product_tag?post=1998162"}],"curies":[{"name":"wp","href":"https:\/\/api.w.org\/{rel}","templated":true}]}}