{"id":1998219,"date":"2018-11-27T22:24:39","date_gmt":"2018-11-27T21:24:39","guid":{"rendered":"https:\/\/de.tilta.com\/shop\/longe-tactique\/"},"modified":"2026-04-14T09:17:19","modified_gmt":"2026-04-14T07:17:19","slug":"tactical-lanyard","status":"publish","type":"product","link":"https:\/\/eu.tilta.com\/fr\/shop\/tactical-lanyard\/","title":{"rendered":"Longe tactique"},"content":{"rendered":"<p>Cette lani\u00e8re peut \u00eatre attach\u00e9e \u00e0 la fois \u00e0 la demi-cage et \u00e0 la cage compl\u00e8te de l&#8217;appareil photo, ainsi que directement au bo\u00eetier de l&#8217;appareil photo. Il permet de transporter confortablement votre appareil photo autour du cou.<\/p>\n","protected":false},"excerpt":{"rendered":"<p>Cette lani\u00e8re peut \u00eatre attach\u00e9e \u00e0 la fois \u00e0 la demi-cage et \u00e0 la cage compl\u00e8te de l&#8217;appareil photo, ainsi que directement au bo\u00eetier de l&#8217;appareil photo. Il permet de transporter confortablement votre appareil photo autour du cou.<\/p>\n","protected":false},"featured_media":0,"comment_status":"closed","ping_status":"closed","template":"","meta":[],"product_cat":[2380],"product_tag":[],"acf":[],"gallery_images":[],"_links":{"self":[{"href":"https:\/\/eu.tilta.com\/fr\/wp-json\/wp\/v2\/product\/1998219"}],"collection":[{"href":"https:\/\/eu.tilta.com\/fr\/wp-json\/wp\/v2\/product"}],"about":[{"href":"https:\/\/eu.tilta.com\/fr\/wp-json\/wp\/v2\/types\/product"}],"replies":[{"embeddable":true,"href":"https:\/\/eu.tilta.com\/fr\/wp-json\/wp\/v2\/comments?post=1998219"}],"wp:attachment":[{"href":"https:\/\/eu.tilta.com\/fr\/wp-json\/wp\/v2\/media?parent=1998219"}],"wp:term":[{"taxonomy":"product_cat","embeddable":true,"href":"https:\/\/eu.tilta.com\/fr\/wp-json\/wp\/v2\/product_cat?post=1998219"},{"taxonomy":"product_tag","embeddable":true,"href":"https:\/\/eu.tilta.com\/fr\/wp-json\/wp\/v2\/product_tag?post=1998219"}],"curies":[{"name":"wp","href":"https:\/\/api.w.org\/{rel}","templated":true}]}}