{"id":1998279,"date":"2018-11-12T14:15:18","date_gmt":"2018-11-12T13:15:18","guid":{"rendered":"https:\/\/de.tilta.com\/shop\/cable-usb-c-a-90-degres-30-cm\/"},"modified":"2025-12-05T13:17:38","modified_gmt":"2025-12-05T12:17:38","slug":"90-degree-usb-c-cable-for-bmpcc-4k-30cm","status":"publish","type":"product","link":"https:\/\/eu.tilta.com\/fr\/shop\/90-degree-usb-c-cable-for-bmpcc-4k-30cm\/","title":{"rendered":"C\u00e2ble USB-C \u00e0 90 degr\u00e9s (30 cm)"},"content":{"rendered":"<p>Ce c\u00e2ble USB-C de 30 cm a \u00e9t\u00e9 sp\u00e9cialement con\u00e7u pour s&#8217;int\u00e9grer \u00e0 la cage de cam\u00e9ra BMPCC 4K de Tilta. Il est con\u00e7u avec une connexion \u00e0 90 degr\u00e9s \u00e0 chaque extr\u00e9mit\u00e9 afin que le c\u00e2ble \u00e9pouse parfaitement le c\u00f4t\u00e9 de la cage.<\/p>\n","protected":false},"excerpt":{"rendered":"<p>Ce c\u00e2ble USB-C de 30 cm a \u00e9t\u00e9 sp\u00e9cialement con\u00e7u pour s&#8217;int\u00e9grer \u00e0 la cage de cam\u00e9ra BMPCC 4K de Tilta. Il est con\u00e7u avec une connexion \u00e0 90 degr\u00e9s \u00e0 chaque extr\u00e9mit\u00e9 afin que le c\u00e2ble \u00e9pouse parfaitement le [&hellip;]<\/p>\n","protected":false},"featured_media":0,"comment_status":"closed","ping_status":"closed","template":"","meta":[],"product_cat":[3388,1811,1621,2028],"product_tag":[],"acf":[],"gallery_images":[46537],"_links":{"self":[{"href":"https:\/\/eu.tilta.com\/fr\/wp-json\/wp\/v2\/product\/1998279"}],"collection":[{"href":"https:\/\/eu.tilta.com\/fr\/wp-json\/wp\/v2\/product"}],"about":[{"href":"https:\/\/eu.tilta.com\/fr\/wp-json\/wp\/v2\/types\/product"}],"replies":[{"embeddable":true,"href":"https:\/\/eu.tilta.com\/fr\/wp-json\/wp\/v2\/comments?post=1998279"}],"wp:attachment":[{"href":"https:\/\/eu.tilta.com\/fr\/wp-json\/wp\/v2\/media?parent=1998279"}],"wp:term":[{"taxonomy":"product_cat","embeddable":true,"href":"https:\/\/eu.tilta.com\/fr\/wp-json\/wp\/v2\/product_cat?post=1998279"},{"taxonomy":"product_tag","embeddable":true,"href":"https:\/\/eu.tilta.com\/fr\/wp-json\/wp\/v2\/product_tag?post=1998279"}],"curies":[{"name":"wp","href":"https:\/\/api.w.org\/{rel}","templated":true}]}}