{"id":1998320,"date":"2018-10-01T11:44:07","date_gmt":"2018-10-01T09:44:07","guid":{"rendered":"https:\/\/de.tilta.com\/shop\/cable-dalimentation-p-tap-vers-arri-alexa-mini\/"},"modified":"2026-02-16T09:00:46","modified_gmt":"2026-02-16T08:00:46","slug":"p-tap-to-8-pin-alexa-mini-power-cable","status":"publish","type":"product","link":"https:\/\/eu.tilta.com\/fr\/shop\/p-tap-to-8-pin-alexa-mini-power-cable\/","title":{"rendered":"C\u00e2ble d&#8217;alimentation P-TAP vers ARRI Alexa Mini"},"content":{"rendered":"<p>Ce c\u00e2ble d&#8217;alimentation P-tap vers ARRI Alexa Mini a \u00e9t\u00e9 con\u00e7u pour \u00eatre utilis\u00e9 avec (mais pas exclusivement) la plaque de batterie universelle Tilta. Il vous permet d&#8217;alimenter une cam\u00e9ra ARRI Alexa Mini via le port d&#8217;entr\u00e9e d&#8217;alimentation Lemo \u00e0 8 broches en attachant ce c\u00e2ble \u00e0 un port de sortie d&#8217;alimentation P-tap.<\/p>\n","protected":false},"excerpt":{"rendered":"<p>Ce c\u00e2ble d&#8217;alimentation P-tap vers ARRI Alexa Mini a \u00e9t\u00e9 con\u00e7u pour \u00eatre utilis\u00e9 avec (mais pas exclusivement) la plaque de batterie universelle Tilta. Il vous permet d&#8217;alimenter une cam\u00e9ra ARRI Alexa Mini via le port d&#8217;entr\u00e9e d&#8217;alimentation Lemo \u00e0 [&hellip;]<\/p>\n","protected":false},"featured_media":0,"comment_status":"closed","ping_status":"closed","template":"","meta":[],"product_cat":[4448,2200],"product_tag":[2435],"acf":[],"gallery_images":[],"_links":{"self":[{"href":"https:\/\/eu.tilta.com\/fr\/wp-json\/wp\/v2\/product\/1998320"}],"collection":[{"href":"https:\/\/eu.tilta.com\/fr\/wp-json\/wp\/v2\/product"}],"about":[{"href":"https:\/\/eu.tilta.com\/fr\/wp-json\/wp\/v2\/types\/product"}],"replies":[{"embeddable":true,"href":"https:\/\/eu.tilta.com\/fr\/wp-json\/wp\/v2\/comments?post=1998320"}],"wp:attachment":[{"href":"https:\/\/eu.tilta.com\/fr\/wp-json\/wp\/v2\/media?parent=1998320"}],"wp:term":[{"taxonomy":"product_cat","embeddable":true,"href":"https:\/\/eu.tilta.com\/fr\/wp-json\/wp\/v2\/product_cat?post=1998320"},{"taxonomy":"product_tag","embeddable":true,"href":"https:\/\/eu.tilta.com\/fr\/wp-json\/wp\/v2\/product_tag?post=1998320"}],"curies":[{"name":"wp","href":"https:\/\/api.w.org\/{rel}","templated":true}]}}