{"id":1998570,"date":"2018-07-11T17:53:12","date_gmt":"2018-07-11T15:53:12","guid":{"rendered":"https:\/\/de.tilta.com\/shop\/nucleus-m-mod-motor-gears\/"},"modified":"2026-02-16T09:03:08","modified_gmt":"2026-02-16T08:03:08","slug":"nucleus-m-mod-motor-gears","status":"publish","type":"product","link":"https:\/\/eu.tilta.com\/fr\/shop\/nucleus-m-mod-motor-gears\/","title":{"rendered":"Nucleus-M Mod Motor Gears"},"content":{"rendered":"<p>Cet engrenage peut \u00eatre utilis\u00e9 pour remplacer l&#8217;engrenage 0.8 du moteur Nucleus-M afin de vous permettre d&#8217;utiliser le moteur sur des objectifs 0.4, 0.5, 0.6, 0.7.<\/p>\n<p><strong>REMARQUE : Le retrait de l&#8217;engrenage d&#8217;origine du moteur Nucleus M peut n\u00e9cessiter une force importante et l&#8217;utilisation d&#8217;un pistolet thermique pour ramollir une petite quantit\u00e9 de loctite. N&#8217;h\u00e9sitez pas \u00e0 nous contacter pour obtenir de l&#8217;aide !  <\/strong><\/p>\n","protected":false},"excerpt":{"rendered":"<p>Cet engrenage peut \u00eatre utilis\u00e9 pour remplacer l&#8217;engrenage 0.8 du moteur Nucleus-M afin de vous permettre d&#8217;utiliser le moteur sur des objectifs 0.4, 0.5, 0.6, 0.7. REMARQUE : Le retrait de l&#8217;engrenage d&#8217;origine du moteur Nucleus M peut n\u00e9cessiter une [&hellip;]<\/p>\n","protected":false},"featured_media":1998575,"comment_status":"closed","ping_status":"closed","template":"","meta":[],"product_cat":[4448,2299],"product_tag":[],"acf":[],"gallery_images":[1998576],"_links":{"self":[{"href":"https:\/\/eu.tilta.com\/fr\/wp-json\/wp\/v2\/product\/1998570"}],"collection":[{"href":"https:\/\/eu.tilta.com\/fr\/wp-json\/wp\/v2\/product"}],"about":[{"href":"https:\/\/eu.tilta.com\/fr\/wp-json\/wp\/v2\/types\/product"}],"replies":[{"embeddable":true,"href":"https:\/\/eu.tilta.com\/fr\/wp-json\/wp\/v2\/comments?post=1998570"}],"wp:featuredmedia":[{"embeddable":true,"href":"https:\/\/eu.tilta.com\/fr\/wp-json\/wp\/v2\/media\/1998575"}],"wp:attachment":[{"href":"https:\/\/eu.tilta.com\/fr\/wp-json\/wp\/v2\/media?parent=1998570"}],"wp:term":[{"taxonomy":"product_cat","embeddable":true,"href":"https:\/\/eu.tilta.com\/fr\/wp-json\/wp\/v2\/product_cat?post=1998570"},{"taxonomy":"product_tag","embeddable":true,"href":"https:\/\/eu.tilta.com\/fr\/wp-json\/wp\/v2\/product_tag?post=1998570"}],"curies":[{"name":"wp","href":"https:\/\/api.w.org\/{rel}","templated":true}]}}