{"id":1998716,"date":"2018-03-19T18:15:12","date_gmt":"2018-03-19T17:15:12","guid":{"rendered":"https:\/\/de.tilta.com\/shop\/poignee-en-bois-cote-gauche-2-0\/"},"modified":"2025-12-05T13:20:56","modified_gmt":"2025-12-05T12:20:56","slug":"left-side-wooden-handle-2-0","status":"publish","type":"product","link":"https:\/\/eu.tilta.com\/fr\/shop\/left-side-wooden-handle-2-0\/","title":{"rendered":"Poign\u00e9e en bois c\u00f4t\u00e9 gauche 2.0"},"content":{"rendered":"<p>Cette poign\u00e9e a un design ergonomique pour offrir un maximum de confort lors de l&#8217;utilisation de la cam\u00e9ra dans un rig de cam\u00e9ra Tilta, sur les cardans Gravity G2 et G2X, ou dans une configuration \u00e0 l&#8217;\u00e9paule gr\u00e2ce \u00e0 la rosette Arri Standard qui y est attach\u00e9e. Il est sculpt\u00e9 \u00e0 la main dans du bois massif et assembl\u00e9 avec de l&#8217;alliage d&#8217;aluminium de haute qualit\u00e9 frais\u00e9 par ordinateur.<\/p>\n","protected":false},"excerpt":{"rendered":"<p>Cette poign\u00e9e a un design ergonomique pour offrir un maximum de confort lors de l&#8217;utilisation de la cam\u00e9ra dans un rig de cam\u00e9ra Tilta, sur les cardans Gravity G2 et G2X, ou dans une configuration \u00e0 l&#8217;\u00e9paule gr\u00e2ce \u00e0 la [&hellip;]<\/p>\n","protected":false},"featured_media":0,"comment_status":"closed","ping_status":"closed","template":"","meta":[],"product_cat":[1681,2043],"product_tag":[2437,2513,2434,2512,2511],"acf":[],"gallery_images":[3512],"_links":{"self":[{"href":"https:\/\/eu.tilta.com\/fr\/wp-json\/wp\/v2\/product\/1998716"}],"collection":[{"href":"https:\/\/eu.tilta.com\/fr\/wp-json\/wp\/v2\/product"}],"about":[{"href":"https:\/\/eu.tilta.com\/fr\/wp-json\/wp\/v2\/types\/product"}],"replies":[{"embeddable":true,"href":"https:\/\/eu.tilta.com\/fr\/wp-json\/wp\/v2\/comments?post=1998716"}],"wp:attachment":[{"href":"https:\/\/eu.tilta.com\/fr\/wp-json\/wp\/v2\/media?parent=1998716"}],"wp:term":[{"taxonomy":"product_cat","embeddable":true,"href":"https:\/\/eu.tilta.com\/fr\/wp-json\/wp\/v2\/product_cat?post=1998716"},{"taxonomy":"product_tag","embeddable":true,"href":"https:\/\/eu.tilta.com\/fr\/wp-json\/wp\/v2\/product_tag?post=1998716"}],"curies":[{"name":"wp","href":"https:\/\/api.w.org\/{rel}","templated":true}]}}